{"id":29205,"date":"2025-07-09T12:24:20","date_gmt":"2025-07-09T12:24:20","guid":{"rendered":"https:\/\/ozsivassavunma.com\/v2\/?page_id=29205"},"modified":"2025-07-09T12:35:12","modified_gmt":"2025-07-09T12:35:12","slug":"sektorler","status":"publish","type":"page","link":"https:\/\/ozsivassavunma.com\/?page_id=29205","title":{"rendered":"Sekt\u00f6rler"},"content":{"rendered":"\t\t<div data-elementor-type=\"wp-page\" data-elementor-id=\"29205\" class=\"elementor elementor-29205\" data-elementor-post-type=\"page\">\n\t\t\t\t\t\t<section class=\"wd-negative-gap elementor-section elementor-top-section elementor-element elementor-element-34f79764 wd-section-stretch elementor-section-boxed elementor-section-height-default elementor-section-height-default\" data-id=\"34f79764\" data-element_type=\"section\" data-settings=\"{&quot;background_background&quot;:&quot;classic&quot;}\">\n\t\t\t\t\t\t\t<div class=\"elementor-background-overlay\"><\/div>\n\t\t\t\t\t\t\t<div class=\"elementor-container elementor-column-gap-no\">\n\t\t\t\t\t<div class=\"elementor-column elementor-col-100 elementor-top-column elementor-element elementor-element-be02b70\" data-id=\"be02b70\" data-element_type=\"column\">\n\t\t\t<div class=\"elementor-widget-wrap elementor-element-populated\">\n\t\t\t\t\t\t<div class=\"elementor-element elementor-element-27ef5815 wd-width-100 elementor-widget elementor-widget-wd_title\" data-id=\"27ef5815\" data-element_type=\"widget\" data-widget_type=\"wd_title.default\">\n\t\t\t\t<div class=\"elementor-widget-container\">\n\t\t\t\t\t\t\t<div class=\"title-wrapper wd-set-mb reset-last-child wd-title-color-default wd-title-style-default wd-title-size-extra-large text-center\">\n\n\t\t\t\n\t\t\t<div class=\"liner-continer\">\n\t\t\t\t<h5 class=\"woodmart-title-container title wd-fontsize-xxxl\">H\u0130ZMET VERD\u0130\u011e\u0130M\u0130Z SEKT\u00d6RLER<\/h5> \n\t\t\t\t\t\t\t<\/div>\n\n\t\t\t\t\t\t\t<div class=\"title-after_title reset-last-child wd-fontsize-s\">\n\t\t\t\t\t<p>\"Y\u00fcksek hassasiyet, ileri teknoloji ve m\u00fchendislik g\u00fcc\u00fcm\u00fczle; savunma, otomotiv ve demiryolu sanayilerine \u00f6zel \u00e7\u00f6z\u00fcmler sunuyoruz.\"<\/p>\t\t\t\t<\/div>\n\t\t\t\t\t<\/div>\n\t\t\t\t\t\t<\/div>\n\t\t\t\t<\/div>\n\t\t\t\t\t<\/div>\n\t\t<\/div>\n\t\t\t\t\t<\/div>\n\t\t<\/section>\n\t\t\t\t<section class=\"wd-negative-gap elementor-section elementor-top-section elementor-element elementor-element-27679e7c elementor-reverse-tablet elementor-reverse-mobile elementor-section-boxed elementor-section-height-default elementor-section-height-default\" data-id=\"27679e7c\" data-element_type=\"section\">\n\t\t\t\t\t\t<div class=\"elementor-container elementor-column-gap-default\">\n\t\t\t\t\t<div class=\"elementor-column elementor-col-50 elementor-top-column elementor-element elementor-element-21946ecb\" data-id=\"21946ecb\" data-element_type=\"column\">\n\t\t\t<div class=\"elementor-widget-wrap elementor-element-populated\">\n\t\t\t\t\t\t<div class=\"elementor-element elementor-element-46102fa0 elementor-widget elementor-widget-wd_banner\" data-id=\"46102fa0\" data-element_type=\"widget\" data-widget_type=\"wd_banner.default\">\n\t\t\t\t<div class=\"elementor-widget-container\">\n\t\t\t\t\t\t\t<div class=\"promo-banner-wrapper\">\n\t\t\t<div class=\"promo-banner banner-mask banner-hover-zoom color-scheme-light banner-btn-size-small banner-btn-style-bordered wd-with-link\">\n\t\t\t\t<div class=\"main-wrapp-img\">\n\t\t\t\t\t<div class=\"banner-image\">\n\t\t\t\t\t\t\t\t\t\t\t\t\t\t\t\t\t\t\t\t\t<img fetchpriority=\"high\" decoding=\"async\" width=\"2560\" height=\"1706\" src=\"https:\/\/ozsivassavunma.com\/wp-content\/uploads\/2025\/07\/a.jpg\" class=\"attachment-full size-full\" alt=\"\" srcset=\"https:\/\/ozsivassavunma.com\/wp-content\/uploads\/2025\/07\/a.jpg 2560w, https:\/\/ozsivassavunma.com\/wp-content\/uploads\/2025\/07\/a-400x267.jpg 400w, https:\/\/ozsivassavunma.com\/wp-content\/uploads\/2025\/07\/a-1200x800.jpg 1200w, https:\/\/ozsivassavunma.com\/wp-content\/uploads\/2025\/07\/a-768x512.jpg 768w, https:\/\/ozsivassavunma.com\/wp-content\/uploads\/2025\/07\/a-1536x1024.jpg 1536w, https:\/\/ozsivassavunma.com\/wp-content\/uploads\/2025\/07\/a-2048x1365.jpg 2048w, https:\/\/ozsivassavunma.com\/wp-content\/uploads\/2025\/07\/a-430x287.jpg 430w, https:\/\/ozsivassavunma.com\/wp-content\/uploads\/2025\/07\/a-700x466.jpg 700w, https:\/\/ozsivassavunma.com\/wp-content\/uploads\/2025\/07\/a-150x100.jpg 150w\" sizes=\"(max-width: 2560px) 100vw, 2560px\" \/>\t\t\t\t\t\t\t\t\t\t\t\t\t\t\t\t\t\t<\/div>\n\t\t\t\t<\/div>\n\n\t\t\t\t<div class=\"wrapper-content-banner wd-fill wd-items-middle wd-justify-left\">\n\t\t\t\t\t<div class=\"content-banner  text-left\">\n\t\t\t\t\t\t\n\t\t\t\t\t\t\t\t\t\t\t\t\t<h4 class=\"banner-title wd-fontsize-l\" data-elementor-setting-key=\"title\">\n\t\t\t\t\t\t\t\tSAVUNMA SANAY\u0130\t\t\t\t\t\t\t<\/h4>\n\t\t\t\t\t\t\n\t\t\t\t\t\t\n\t\t\t\t\t\t\n\t\t\t\t\t\t\t\t\t\t\t<\/div>\n\t\t\t\t<\/div>\n\n\t\t\t\t\t\t\t\t\t<a href=\"#\" class=\"wd-promo-banner-link wd-fill\" aria-label=\"Banner link\"><\/a>\n\t\t\t\t\t\t\t<\/div>\n\t\t<\/div>\n\t\t\t\t\t\t<\/div>\n\t\t\t\t<\/div>\n\t\t\t\t\t<\/div>\n\t\t<\/div>\n\t\t\t\t<div class=\"elementor-column elementor-col-50 elementor-top-column elementor-element elementor-element-41181d8b\" data-id=\"41181d8b\" data-element_type=\"column\">\n\t\t\t<div class=\"elementor-widget-wrap elementor-element-populated\">\n\t\t\t\t\t\t<div class=\"elementor-element elementor-element-46a77123 elementor-widget elementor-widget-wd_banner\" data-id=\"46a77123\" data-element_type=\"widget\" data-widget_type=\"wd_banner.default\">\n\t\t\t\t<div class=\"elementor-widget-container\">\n\t\t\t\t\t\t\t<div class=\"promo-banner-wrapper\">\n\t\t\t<div class=\"promo-banner banner-mask banner-hover-zoom color-scheme-light banner-btn-size-small banner-btn-style-default wd-with-link\">\n\t\t\t\t<div class=\"main-wrapp-img\">\n\t\t\t\t\t<div class=\"banner-image wd-without-height\">\n\t\t\t\t\t\t\t\t\t\t\t\t\t\t\t\t\t\t\t\t\t<img decoding=\"async\" width=\"1280\" height=\"720\" src=\"https:\/\/ozsivassavunma.com\/wp-content\/uploads\/2025\/07\/b.jpg\" class=\"attachment-full size-full\" alt=\"\" srcset=\"https:\/\/ozsivassavunma.com\/wp-content\/uploads\/2025\/07\/b.jpg 1280w, https:\/\/ozsivassavunma.com\/wp-content\/uploads\/2025\/07\/b-400x225.jpg 400w, https:\/\/ozsivassavunma.com\/wp-content\/uploads\/2025\/07\/b-768x432.jpg 768w, https:\/\/ozsivassavunma.com\/wp-content\/uploads\/2025\/07\/b-430x242.jpg 430w, https:\/\/ozsivassavunma.com\/wp-content\/uploads\/2025\/07\/b-700x394.jpg 700w, https:\/\/ozsivassavunma.com\/wp-content\/uploads\/2025\/07\/b-150x84.jpg 150w\" sizes=\"(max-width: 1280px) 100vw, 1280px\" \/>\t\t\t\t\t\t\t\t\t\t\t\t\t\t\t\t\t\t<\/div>\n\t\t\t\t<\/div>\n\n\t\t\t\t<div class=\"wrapper-content-banner wd-fill wd-items-middle wd-justify-center\">\n\t\t\t\t\t<div class=\"content-banner  text-center\">\n\t\t\t\t\t\t\n\t\t\t\t\t\t\t\t\t\t\t\t\t<h4 class=\"banner-title wd-fontsize-l\" data-elementor-setting-key=\"title\">\n\t\t\t\t\t\t\t\tOTOMOT\u0130V SANAY\u0130\t\t\t\t\t\t\t<\/h4>\n\t\t\t\t\t\t\n\t\t\t\t\t\t\n\t\t\t\t\t\t\n\t\t\t\t\t\t\t\t\t\t\t<\/div>\n\t\t\t\t<\/div>\n\n\t\t\t\t\t\t\t\t\t<a href=\"#\" class=\"wd-promo-banner-link wd-fill\" aria-label=\"Banner link\"><\/a>\n\t\t\t\t\t\t\t<\/div>\n\t\t<\/div>\n\t\t\t\t\t\t<\/div>\n\t\t\t\t<\/div>\n\t\t\t\t<div class=\"elementor-element elementor-element-11d33b2c elementor-widget elementor-widget-wd_banner\" data-id=\"11d33b2c\" data-element_type=\"widget\" data-widget_type=\"wd_banner.default\">\n\t\t\t\t<div class=\"elementor-widget-container\">\n\t\t\t\t\t\t\t<div class=\"promo-banner-wrapper\">\n\t\t\t<div class=\"promo-banner banner-mask banner-hover-zoom color-scheme-light banner-btn-size-small banner-btn-style-bordered wd-with-link\">\n\t\t\t\t<div class=\"main-wrapp-img\">\n\t\t\t\t\t<div class=\"banner-image wd-without-height\">\n\t\t\t\t\t\t\t\t\t\t\t\t\t\t\t\t\t\t\t\t\t<img decoding=\"async\" width=\"1920\" height=\"800\" src=\"https:\/\/ozsivassavunma.com\/wp-content\/uploads\/2025\/07\/cccc1.jpg\" class=\"attachment-full size-full\" alt=\"\" srcset=\"https:\/\/ozsivassavunma.com\/wp-content\/uploads\/2025\/07\/cccc1.jpg 1920w, https:\/\/ozsivassavunma.com\/wp-content\/uploads\/2025\/07\/cccc1-400x167.jpg 400w, https:\/\/ozsivassavunma.com\/wp-content\/uploads\/2025\/07\/cccc1-1300x542.jpg 1300w, https:\/\/ozsivassavunma.com\/wp-content\/uploads\/2025\/07\/cccc1-768x320.jpg 768w, https:\/\/ozsivassavunma.com\/wp-content\/uploads\/2025\/07\/cccc1-1536x640.jpg 1536w, https:\/\/ozsivassavunma.com\/wp-content\/uploads\/2025\/07\/cccc1-430x179.jpg 430w, https:\/\/ozsivassavunma.com\/wp-content\/uploads\/2025\/07\/cccc1-700x292.jpg 700w, https:\/\/ozsivassavunma.com\/wp-content\/uploads\/2025\/07\/cccc1-150x63.jpg 150w\" sizes=\"(max-width: 1920px) 100vw, 1920px\" \/>\t\t\t\t\t\t\t\t\t\t\t\t\t\t\t\t\t\t<\/div>\n\t\t\t\t<\/div>\n\n\t\t\t\t<div class=\"wrapper-content-banner wd-fill wd-items-middle wd-justify-left\">\n\t\t\t\t\t<div class=\"content-banner  text-left\">\n\t\t\t\t\t\t\n\t\t\t\t\t\t\t\t\t\t\t\t\t<h4 class=\"banner-title wd-fontsize-l\" data-elementor-setting-key=\"title\">\n\t\t\t\t\t\t\t\tDEM\u0130R YOLU SANAY\u0130\t\t\t\t\t\t\t<\/h4>\n\t\t\t\t\t\t\n\t\t\t\t\t\t\n\t\t\t\t\t\t\n\t\t\t\t\t\t\t\t\t\t\t<\/div>\n\t\t\t\t<\/div>\n\n\t\t\t\t\t\t\t\t\t<a href=\"#\" class=\"wd-promo-banner-link wd-fill\" aria-label=\"Banner link\"><\/a>\n\t\t\t\t\t\t\t<\/div>\n\t\t<\/div>\n\t\t\t\t\t\t<\/div>\n\t\t\t\t<\/div>\n\t\t\t\t\t<\/div>\n\t\t<\/div>\n\t\t\t\t\t<\/div>\n\t\t<\/section>\n\t\t<div class=\"wd-negative-gap elementor-element elementor-element-6569fa2 e-flex e-con-boxed e-con e-parent\" data-id=\"6569fa2\" data-element_type=\"container\">\n\t\t\t\t\t<div class=\"e-con-inner\">\n\t\t\t\t<div class=\"elementor-element elementor-element-97527d3 elementor-widget elementor-widget-spacer\" data-id=\"97527d3\" data-element_type=\"widget\" data-widget_type=\"spacer.default\">\n\t\t\t\t\t\t\t<div class=\"elementor-spacer\">\n\t\t\t<div class=\"elementor-spacer-inner\"><\/div>\n\t\t<\/div>\n\t\t\t\t\t\t<\/div>\n\t\t\t\t\t<\/div>\n\t\t\t\t<\/div>\n\t\t<div class=\"elementor-element elementor-element-7ea82ec3 e-con-full wd-section-stretch e-flex e-con e-parent\" data-id=\"7ea82ec3\" data-element_type=\"container\">\n\t\t\t\t<div class=\"elementor-element elementor-element-512c441c wd-width-100 elementor-widget elementor-widget-wd_title\" data-id=\"512c441c\" data-element_type=\"widget\" data-widget_type=\"wd_title.default\">\n\t\t\t\t<div class=\"elementor-widget-container\">\n\t\t\t\t\t\t\t<div class=\"title-wrapper wd-set-mb reset-last-child wd-title-color-default wd-title-style-default wd-title-size-default text-center\">\n\n\t\t\t\n\t\t\t<div class=\"liner-continer\">\n\t\t\t\t<h4 class=\"woodmart-title-container title wd-fontsize-l\">Referanslar\u0131m\u0131z<\/h4> \n\t\t\t\t\t\t\t<\/div>\n\n\t\t\t\t\t<\/div>\n\t\t\t\t\t\t<\/div>\n\t\t\t\t<\/div>\n\t\t\t\t<div class=\"elementor-element elementor-element-e48c60c elementor-arrows-position-inside elementor-pagination-position-outside elementor-widget elementor-widget-image-carousel\" data-id=\"e48c60c\" data-element_type=\"widget\" data-settings=\"{&quot;slides_to_show&quot;:&quot;4&quot;,&quot;image_spacing_custom&quot;:{&quot;unit&quot;:&quot;px&quot;,&quot;size&quot;:45,&quot;sizes&quot;:[]},&quot;navigation&quot;:&quot;both&quot;,&quot;autoplay&quot;:&quot;yes&quot;,&quot;pause_on_hover&quot;:&quot;yes&quot;,&quot;pause_on_interaction&quot;:&quot;yes&quot;,&quot;autoplay_speed&quot;:5000,&quot;infinite&quot;:&quot;yes&quot;,&quot;speed&quot;:500,&quot;image_spacing_custom_tablet&quot;:{&quot;unit&quot;:&quot;px&quot;,&quot;size&quot;:&quot;&quot;,&quot;sizes&quot;:[]},&quot;image_spacing_custom_mobile&quot;:{&quot;unit&quot;:&quot;px&quot;,&quot;size&quot;:&quot;&quot;,&quot;sizes&quot;:[]}}\" data-widget_type=\"image-carousel.default\">\n\t\t\t\t\t\t\t<div class=\"elementor-image-carousel-wrapper swiper\" role=\"region\" aria-roledescription=\"carousel\" aria-label=\"Resim D\u00f6ng\u00fcs\u00fc\" dir=\"ltr\">\n\t\t\t<div class=\"elementor-image-carousel swiper-wrapper\" aria-live=\"off\">\n\t\t\t\t\t\t\t\t<div class=\"swiper-slide\" role=\"group\" aria-roledescription=\"slide\" aria-label=\"1 \/ 4\"><figure class=\"swiper-slide-inner\"><img decoding=\"async\" class=\"swiper-slide-image\" src=\"https:\/\/ozsivassavunma.com\/wp-content\/uploads\/2025\/07\/1-768x576.png\" alt=\"1\" \/><\/figure><\/div><div class=\"swiper-slide\" role=\"group\" aria-roledescription=\"slide\" aria-label=\"2 \/ 4\"><figure class=\"swiper-slide-inner\"><img decoding=\"async\" class=\"swiper-slide-image\" src=\"https:\/\/ozsivassavunma.com\/wp-content\/uploads\/2025\/07\/2-768x576.png\" alt=\"2\" \/><\/figure><\/div><div class=\"swiper-slide\" role=\"group\" aria-roledescription=\"slide\" aria-label=\"3 \/ 4\"><figure class=\"swiper-slide-inner\"><img decoding=\"async\" class=\"swiper-slide-image\" src=\"https:\/\/ozsivassavunma.com\/wp-content\/uploads\/2025\/07\/3-1-768x576.png\" alt=\"3\" \/><\/figure><\/div><div class=\"swiper-slide\" role=\"group\" aria-roledescription=\"slide\" aria-label=\"4 \/ 4\"><figure class=\"swiper-slide-inner\"><img decoding=\"async\" class=\"swiper-slide-image\" src=\"https:\/\/ozsivassavunma.com\/wp-content\/uploads\/2025\/07\/4-768x576.png\" alt=\"4\" \/><\/figure><\/div>\t\t\t<\/div>\n\t\t\t\t\t\t\t\t\t\t\t\t<div class=\"elementor-swiper-button elementor-swiper-button-prev\" role=\"button\" tabindex=\"0\">\n\t\t\t\t\t\t<svg aria-hidden=\"true\" class=\"e-font-icon-svg e-eicon-chevron-left\" viewBox=\"0 0 1000 1000\" xmlns=\"http:\/\/www.w3.org\/2000\/svg\"><path d=\"M646 125C629 125 613 133 604 142L308 442C296 454 292 471 292 487 292 504 296 521 308 533L604 854C617 867 629 875 646 875 663 875 679 871 692 858 704 846 713 829 713 812 713 796 708 779 692 767L438 487 692 225C700 217 708 204 708 187 708 171 704 154 692 142 675 129 663 125 646 125Z\"><\/path><\/svg>\t\t\t\t\t<\/div>\n\t\t\t\t\t<div class=\"elementor-swiper-button elementor-swiper-button-next\" role=\"button\" tabindex=\"0\">\n\t\t\t\t\t\t<svg aria-hidden=\"true\" class=\"e-font-icon-svg e-eicon-chevron-right\" viewBox=\"0 0 1000 1000\" xmlns=\"http:\/\/www.w3.org\/2000\/svg\"><path d=\"M696 533C708 521 713 504 713 487 713 471 708 454 696 446L400 146C388 133 375 125 354 125 338 125 325 129 313 142 300 154 292 171 292 187 292 204 296 221 308 233L563 492 304 771C292 783 288 800 288 817 288 833 296 850 308 863 321 871 338 875 354 875 371 875 388 867 400 854L696 533Z\"><\/path><\/svg>\t\t\t\t\t<\/div>\n\t\t\t\t\n\t\t\t\t\t\t\t\t\t<div class=\"swiper-pagination\"><\/div>\n\t\t\t\t\t\t\t\t\t<\/div>\n\t\t\t\t\t\t<\/div>\n\t\t\t\t<\/div>\n\t\t\t\t<\/div>\n\t\t","protected":false},"excerpt":{"rendered":"<p>H\u0130ZMET VERD\u0130\u011e\u0130M\u0130Z SEKT\u00d6RLER &#8220;Y\u00fcksek hassasiyet, ileri teknoloji ve m\u00fchendislik g\u00fcc\u00fcm\u00fczle; savunma, otomotiv ve demiryolu sanayilerine \u00f6zel \u00e7\u00f6z\u00fcmler sunuyoruz.&#8221; SAVUNMA SANAY\u0130<\/p>\n","protected":false},"author":1,"featured_media":0,"parent":0,"menu_order":0,"comment_status":"closed","ping_status":"closed","template":"","meta":{"footnotes":""},"class_list":["post-29205","page","type-page","status-publish","hentry"],"_links":{"self":[{"href":"https:\/\/ozsivassavunma.com\/index.php?rest_route=\/wp\/v2\/pages\/29205","targetHints":{"allow":["GET"]}}],"collection":[{"href":"https:\/\/ozsivassavunma.com\/index.php?rest_route=\/wp\/v2\/pages"}],"about":[{"href":"https:\/\/ozsivassavunma.com\/index.php?rest_route=\/wp\/v2\/types\/page"}],"author":[{"embeddable":true,"href":"https:\/\/ozsivassavunma.com\/index.php?rest_route=\/wp\/v2\/users\/1"}],"replies":[{"embeddable":true,"href":"https:\/\/ozsivassavunma.com\/index.php?rest_route=%2Fwp%2Fv2%2Fcomments&post=29205"}],"version-history":[{"count":6,"href":"https:\/\/ozsivassavunma.com\/index.php?rest_route=\/wp\/v2\/pages\/29205\/revisions"}],"predecessor-version":[{"id":29221,"href":"https:\/\/ozsivassavunma.com\/index.php?rest_route=\/wp\/v2\/pages\/29205\/revisions\/29221"}],"wp:attachment":[{"href":"https:\/\/ozsivassavunma.com\/index.php?rest_route=%2Fwp%2Fv2%2Fmedia&parent=29205"}],"curies":[{"name":"wp","href":"https:\/\/api.w.org\/{rel}","templated":true}]}}