{"id":29222,"date":"2025-07-09T12:38:17","date_gmt":"2025-07-09T12:38:17","guid":{"rendered":"https:\/\/ozsivassavunma.com\/v2\/?page_id=29222"},"modified":"2025-07-09T12:44:47","modified_gmt":"2025-07-09T12:44:47","slug":"kalite-politikamiz","status":"publish","type":"page","link":"https:\/\/ozsivassavunma.com\/?page_id=29222","title":{"rendered":"Kalite Politikam\u0131z"},"content":{"rendered":"\t\t<div data-elementor-type=\"wp-page\" data-elementor-id=\"29222\" class=\"elementor elementor-29222\" data-elementor-post-type=\"page\">\n\t\t\t\t<div class=\"wd-negative-gap elementor-element elementor-element-4b101cf3 wd-section-stretch e-flex e-con-boxed e-con e-parent\" data-id=\"4b101cf3\" data-element_type=\"container\" data-settings=\"{&quot;background_background&quot;:&quot;classic&quot;}\">\n\t\t\t\t\t<div class=\"e-con-inner\">\n\t\t\t\t<div class=\"elementor-element elementor-element-2497752 animated-fast wd-width-100 elementor-invisible elementor-widget elementor-widget-wd_title\" data-id=\"2497752\" data-element_type=\"widget\" data-settings=\"{&quot;_animation&quot;:&quot;wd-anim-slide-from-bottom&quot;}\" data-widget_type=\"wd_title.default\">\n\t\t\t\t<div class=\"elementor-widget-container\">\n\t\t\t\t\t\t\t<div class=\"title-wrapper wd-set-mb reset-last-child wd-title-color-default wd-title-style-default wd-title-size-default text-center\">\n\n\t\t\t\n\t\t\t<div class=\"liner-continer\">\n\t\t\t\t<h4 class=\"woodmart-title-container title wd-fontsize-l wd-underline-colored\"><u>\u0130z B\u0131rakan \u00dcretim, Kusursuz Hizmet<br \/>\n<\/u> <\/h4> \n\t\t\t\t\t\t\t<\/div>\n\n\t\t\t\t\t<\/div>\n\t\t\t\t\t\t<\/div>\n\t\t\t\t<\/div>\n\t\t\t\t<div class=\"elementor-element elementor-element-76572d54 animated-fast elementor-invisible elementor-widget elementor-widget-wd_text_block\" data-id=\"76572d54\" data-element_type=\"widget\" data-settings=\"{&quot;_animation&quot;:&quot;wd-anim-slide-from-bottom&quot;}\" data-widget_type=\"wd_text_block.default\">\n\t\t\t\t<div class=\"elementor-widget-container\">\n\t\t\t\t\t\t\t<div class=\"wd-text-block reset-last-child text-center\">\n\t\t\t\n\t\t\t<p><strong>Kalite, tasar\u0131m ve hassasiyete olan ba\u011fl\u0131l\u0131\u011f\u0131m\u0131z\u0131n somut bir g\u00f6stergesidir. 30 y\u0131l\u0131 a\u015fk\u0131n s\u00fcredir, kalite, temel de\u011ferlerimizin ba\u015f\u0131nda gelmektedir ve bu de\u011fer, tasar\u0131mda ve \u00fcretimde y\u00fcksek hassasiyetle birle\u015fir. M\u00fc\u015fterilerimizle kurdu\u011fumuz ili\u015fkiler, titizlik, y\u00fcksek verimlilik, esneklik ve g\u00fcven temelinde geli\u015fmektedir. \u00dcretim alan\u0131ndaki uzun y\u0131llara dayanan tecr\u00fcbemiz, dinamik ve yetenekli ekibimiz ile modern \u00fcretim planlama s\u00fcre\u00e7lerimiz sayesinde m\u00fc\u015fterilerimize g\u00fcvenli bir hizmet sunmaktay\u0131z.<\/strong><\/p><p><strong>D\u00fc\u015f\u00fcnce ve eylemlerimiz bu prensipler do\u011frultusunda \u015fekillenir ve her \u00fcretim zorlu\u011funa yarat\u0131c\u0131, yenilik\u00e7i ve \u00f6zg\u00fcn \u00e7\u00f6z\u00fcmler bulmam\u0131z\u0131 sa\u011flayan y\u00fcksek standartlar\u0131 korur.<\/strong><\/p>\n\t\t\t\t\t<\/div>\n\t\t\t\t\t\t<\/div>\n\t\t\t\t<\/div>\n\t\t\t\t\t<\/div>\n\t\t\t\t<\/div>\n\t\t<div class=\"wd-negative-gap elementor-element elementor-element-c517fd3 e-flex e-con-boxed e-con e-parent\" data-id=\"c517fd3\" data-element_type=\"container\">\n\t\t\t\t\t<div class=\"e-con-inner\">\n\t\t\t\t<div class=\"elementor-element elementor-element-e77b329 elementor-widget elementor-widget-spacer\" data-id=\"e77b329\" data-element_type=\"widget\" data-widget_type=\"spacer.default\">\n\t\t\t\t\t\t\t<div class=\"elementor-spacer\">\n\t\t\t<div class=\"elementor-spacer-inner\"><\/div>\n\t\t<\/div>\n\t\t\t\t\t\t<\/div>\n\t\t\t\t\t<\/div>\n\t\t\t\t<\/div>\n\t\t\t\t<section class=\"wd-negative-gap elementor-section elementor-top-section elementor-element elementor-element-1d6c69c8 wd-section-stretch elementor-section-boxed elementor-section-height-default elementor-section-height-default\" data-id=\"1d6c69c8\" data-element_type=\"section\" data-settings=\"{&quot;background_background&quot;:&quot;classic&quot;}\">\n\t\t\t\t\t\t\t<div class=\"elementor-background-overlay\"><\/div>\n\t\t\t\t\t\t\t<div class=\"elementor-container elementor-column-gap-no\">\n\t\t\t\t\t<div class=\"elementor-column elementor-col-100 elementor-top-column elementor-element elementor-element-56dd9399\" data-id=\"56dd9399\" data-element_type=\"column\">\n\t\t\t<div class=\"elementor-widget-wrap elementor-element-populated\">\n\t\t\t\t\t\t<div class=\"elementor-element elementor-element-36f54b75 wd-width-100 elementor-widget elementor-widget-wd_title\" data-id=\"36f54b75\" data-element_type=\"widget\" data-widget_type=\"wd_title.default\">\n\t\t\t\t<div class=\"elementor-widget-container\">\n\t\t\t\t\t\t\t<div class=\"title-wrapper wd-set-mb reset-last-child wd-title-color-default wd-title-style-default wd-title-size-extra-large text-center\">\n\n\t\t\t\n\t\t\t<div class=\"liner-continer\">\n\t\t\t\t<h5 class=\"woodmart-title-container title wd-fontsize-xxxl\">Kaliteli \u00dcretim \u0130\u00e7in \u00d6nc\u00fcl \u00c7\u00f6z\u00fcmler<\/h5> \n\t\t\t\t\t\t\t<\/div>\n\n\t\t\t\t\t\t\t<div class=\"title-after_title reset-last-child wd-fontsize-s\">\n\t\t\t\t\tTasar\u0131m a\u015famas\u0131ndan imalata,imalat a\u015faams\u0131ndan kalite kontrol ve montaj asamas\u0131na ve sonras\u0131nda m\u00fc\u015fteriye teslimine kadar t\u00fcm s\u00fcreci y\u0131llara dayanan tecr\u00fcbemiz,y\u00fcksek teknolojimiz ve alan\u0131nda uzman personelimiz ile sizlere sunuyoruz\t\t\t\t<\/div>\n\t\t\t\t\t<\/div>\n\t\t\t\t\t\t<\/div>\n\t\t\t\t<\/div>\n\t\t\t\t<div class=\"elementor-element elementor-element-2e01ea08 elementor-widget elementor-widget-wd_button\" data-id=\"2e01ea08\" data-element_type=\"widget\" data-widget_type=\"wd_button.default\">\n\t\t\t\t<div class=\"elementor-widget-container\">\n\t\t\t\t\t\t\t<div class=\"wd-button-wrapper text-center\" >\n\t\t\t<a class=\"btn btn-style-default btn-shape-rectangle btn-size-extra-large btn-color-white btn-icon-pos-right\"  href=\"https:\/\/wa.me\/+905310146257\">\n\t\t\t\t<span class=\"wd-btn-text\" data-elementor-setting-key=\"text\">\n\t\t\t\t\t\u0130LET\u0130\u015e\u0130ME GE\u00c7\t\t\t\t<\/span>\n\n\t\t\t\t\t\t\t<\/a>\n\t\t<\/div>\n\t\t\t\t\t\t<\/div>\n\t\t\t\t<\/div>\n\t\t\t\t\t<\/div>\n\t\t<\/div>\n\t\t\t\t\t<\/div>\n\t\t<\/section>\n\t\t<div class=\"wd-negative-gap elementor-element elementor-element-590dffd e-flex e-con-boxed e-con e-parent\" data-id=\"590dffd\" data-element_type=\"container\">\n\t\t\t\t\t<div class=\"e-con-inner\">\n\t\t\t\t<div class=\"elementor-element elementor-element-66660d2 elementor-widget elementor-widget-spacer\" data-id=\"66660d2\" data-element_type=\"widget\" data-widget_type=\"spacer.default\">\n\t\t\t\t\t\t\t<div class=\"elementor-spacer\">\n\t\t\t<div class=\"elementor-spacer-inner\"><\/div>\n\t\t<\/div>\n\t\t\t\t\t\t<\/div>\n\t\t\t\t\t<\/div>\n\t\t\t\t<\/div>\n\t\t<div class=\"elementor-element elementor-element-6f2053f7 e-con-full wd-section-stretch e-flex e-con e-parent\" data-id=\"6f2053f7\" data-element_type=\"container\">\n\t\t\t\t<div class=\"elementor-element elementor-element-2b1d4512 elementor-arrows-position-inside elementor-pagination-position-outside elementor-widget elementor-widget-image-carousel\" data-id=\"2b1d4512\" data-element_type=\"widget\" data-settings=\"{&quot;slides_to_show&quot;:&quot;4&quot;,&quot;image_spacing_custom&quot;:{&quot;unit&quot;:&quot;px&quot;,&quot;size&quot;:45,&quot;sizes&quot;:[]},&quot;navigation&quot;:&quot;both&quot;,&quot;autoplay&quot;:&quot;yes&quot;,&quot;pause_on_hover&quot;:&quot;yes&quot;,&quot;pause_on_interaction&quot;:&quot;yes&quot;,&quot;autoplay_speed&quot;:5000,&quot;infinite&quot;:&quot;yes&quot;,&quot;speed&quot;:500,&quot;image_spacing_custom_tablet&quot;:{&quot;unit&quot;:&quot;px&quot;,&quot;size&quot;:&quot;&quot;,&quot;sizes&quot;:[]},&quot;image_spacing_custom_mobile&quot;:{&quot;unit&quot;:&quot;px&quot;,&quot;size&quot;:&quot;&quot;,&quot;sizes&quot;:[]}}\" data-widget_type=\"image-carousel.default\">\n\t\t\t\t\t\t\t<div class=\"elementor-image-carousel-wrapper swiper\" role=\"region\" aria-roledescription=\"carousel\" aria-label=\"Resim D\u00f6ng\u00fcs\u00fc\" dir=\"ltr\">\n\t\t\t<div class=\"elementor-image-carousel swiper-wrapper\" aria-live=\"off\">\n\t\t\t\t\t\t\t\t<div class=\"swiper-slide\" role=\"group\" aria-roledescription=\"slide\" aria-label=\"1 \/ 4\"><figure class=\"swiper-slide-inner\"><img decoding=\"async\" class=\"swiper-slide-image\" src=\"https:\/\/ozsivassavunma.com\/wp-content\/uploads\/2025\/07\/1-768x576.png\" alt=\"1\" \/><\/figure><\/div><div class=\"swiper-slide\" role=\"group\" aria-roledescription=\"slide\" aria-label=\"2 \/ 4\"><figure class=\"swiper-slide-inner\"><img decoding=\"async\" class=\"swiper-slide-image\" src=\"https:\/\/ozsivassavunma.com\/wp-content\/uploads\/2025\/07\/2-768x576.png\" alt=\"2\" \/><\/figure><\/div><div class=\"swiper-slide\" role=\"group\" aria-roledescription=\"slide\" aria-label=\"3 \/ 4\"><figure class=\"swiper-slide-inner\"><img decoding=\"async\" class=\"swiper-slide-image\" src=\"https:\/\/ozsivassavunma.com\/wp-content\/uploads\/2025\/07\/3-1-768x576.png\" alt=\"3\" \/><\/figure><\/div><div class=\"swiper-slide\" role=\"group\" aria-roledescription=\"slide\" aria-label=\"4 \/ 4\"><figure class=\"swiper-slide-inner\"><img decoding=\"async\" class=\"swiper-slide-image\" src=\"https:\/\/ozsivassavunma.com\/wp-content\/uploads\/2025\/07\/4-768x576.png\" alt=\"4\" \/><\/figure><\/div>\t\t\t<\/div>\n\t\t\t\t\t\t\t\t\t\t\t\t<div class=\"elementor-swiper-button elementor-swiper-button-prev\" role=\"button\" tabindex=\"0\">\n\t\t\t\t\t\t<svg aria-hidden=\"true\" class=\"e-font-icon-svg e-eicon-chevron-left\" viewBox=\"0 0 1000 1000\" xmlns=\"http:\/\/www.w3.org\/2000\/svg\"><path d=\"M646 125C629 125 613 133 604 142L308 442C296 454 292 471 292 487 292 504 296 521 308 533L604 854C617 867 629 875 646 875 663 875 679 871 692 858 704 846 713 829 713 812 713 796 708 779 692 767L438 487 692 225C700 217 708 204 708 187 708 171 704 154 692 142 675 129 663 125 646 125Z\"><\/path><\/svg>\t\t\t\t\t<\/div>\n\t\t\t\t\t<div class=\"elementor-swiper-button elementor-swiper-button-next\" role=\"button\" tabindex=\"0\">\n\t\t\t\t\t\t<svg aria-hidden=\"true\" class=\"e-font-icon-svg e-eicon-chevron-right\" viewBox=\"0 0 1000 1000\" xmlns=\"http:\/\/www.w3.org\/2000\/svg\"><path d=\"M696 533C708 521 713 504 713 487 713 471 708 454 696 446L400 146C388 133 375 125 354 125 338 125 325 129 313 142 300 154 292 171 292 187 292 204 296 221 308 233L563 492 304 771C292 783 288 800 288 817 288 833 296 850 308 863 321 871 338 875 354 875 371 875 388 867 400 854L696 533Z\"><\/path><\/svg>\t\t\t\t\t<\/div>\n\t\t\t\t\n\t\t\t\t\t\t\t\t\t<div class=\"swiper-pagination\"><\/div>\n\t\t\t\t\t\t\t\t\t<\/div>\n\t\t\t\t\t\t<\/div>\n\t\t\t\t<\/div>\n\t\t<div class=\"wd-negative-gap elementor-element elementor-element-3815bb0a e-flex e-con-boxed e-con e-parent\" data-id=\"3815bb0a\" data-element_type=\"container\">\n\t\t\t\t\t<div class=\"e-con-inner\">\n\t\t\t\t<div class=\"elementor-element elementor-element-4659373 elementor-widget elementor-widget-spacer\" data-id=\"4659373\" data-element_type=\"widget\" data-widget_type=\"spacer.default\">\n\t\t\t\t\t\t\t<div class=\"elementor-spacer\">\n\t\t\t<div class=\"elementor-spacer-inner\"><\/div>\n\t\t<\/div>\n\t\t\t\t\t\t<\/div>\n\t\t\t\t\t<\/div>\n\t\t\t\t<\/div>\n\t\t\t\t<\/div>\n\t\t","protected":false},"excerpt":{"rendered":"<p>\u0130z B\u0131rakan \u00dcretim, Kusursuz Hizmet Kalite, tasar\u0131m ve hassasiyete olan ba\u011fl\u0131l\u0131\u011f\u0131m\u0131z\u0131n somut bir g\u00f6stergesidir. 30 y\u0131l\u0131 a\u015fk\u0131n s\u00fcredir, kalite, temel<\/p>\n","protected":false},"author":1,"featured_media":0,"parent":0,"menu_order":0,"comment_status":"closed","ping_status":"closed","template":"","meta":{"footnotes":""},"class_list":["post-29222","page","type-page","status-publish","hentry"],"_links":{"self":[{"href":"https:\/\/ozsivassavunma.com\/index.php?rest_route=\/wp\/v2\/pages\/29222","targetHints":{"allow":["GET"]}}],"collection":[{"href":"https:\/\/ozsivassavunma.com\/index.php?rest_route=\/wp\/v2\/pages"}],"about":[{"href":"https:\/\/ozsivassavunma.com\/index.php?rest_route=\/wp\/v2\/types\/page"}],"author":[{"embeddable":true,"href":"https:\/\/ozsivassavunma.com\/index.php?rest_route=\/wp\/v2\/users\/1"}],"replies":[{"embeddable":true,"href":"https:\/\/ozsivassavunma.com\/index.php?rest_route=%2Fwp%2Fv2%2Fcomments&post=29222"}],"version-history":[{"count":4,"href":"https:\/\/ozsivassavunma.com\/index.php?rest_route=\/wp\/v2\/pages\/29222\/revisions"}],"predecessor-version":[{"id":29227,"href":"https:\/\/ozsivassavunma.com\/index.php?rest_route=\/wp\/v2\/pages\/29222\/revisions\/29227"}],"wp:attachment":[{"href":"https:\/\/ozsivassavunma.com\/index.php?rest_route=%2Fwp%2Fv2%2Fmedia&parent=29222"}],"curies":[{"name":"wp","href":"https:\/\/api.w.org\/{rel}","templated":true}]}}