{"id":29228,"date":"2025-07-09T12:48:57","date_gmt":"2025-07-09T12:48:57","guid":{"rendered":"https:\/\/ozsivassavunma.com\/v2\/?page_id=29228"},"modified":"2025-07-09T13:03:21","modified_gmt":"2025-07-09T13:03:21","slug":"vizyon-misyon","status":"publish","type":"page","link":"https:\/\/ozsivassavunma.com\/?page_id=29228","title":{"rendered":"Vizyon &amp; Misyon"},"content":{"rendered":"\t\t<div data-elementor-type=\"wp-page\" data-elementor-id=\"29228\" class=\"elementor elementor-29228\" data-elementor-post-type=\"page\">\n\t\t\t\t<div class=\"wd-negative-gap elementor-element elementor-element-15706d00 e-flex e-con-boxed e-con e-parent\" data-id=\"15706d00\" data-element_type=\"container\">\n\t\t\t\t\t<div class=\"e-con-inner\">\n\t\t\t\t<div class=\"elementor-element elementor-element-7ecb3fea elementor-widget elementor-widget-spacer\" data-id=\"7ecb3fea\" data-element_type=\"widget\" data-widget_type=\"spacer.default\">\n\t\t\t\t\t\t\t<div class=\"elementor-spacer\">\n\t\t\t<div class=\"elementor-spacer-inner\"><\/div>\n\t\t<\/div>\n\t\t\t\t\t\t<\/div>\n\t\t\t\t\t<\/div>\n\t\t\t\t<\/div>\n\t\t<div class=\"wd-negative-gap elementor-element elementor-element-1ee96072 e-flex e-con-boxed e-con e-parent\" data-id=\"1ee96072\" data-element_type=\"container\">\n\t\t\t\t\t<div class=\"e-con-inner\">\n\t\t<div class=\"elementor-element elementor-element-58814c55 e-con-full e-flex e-con e-child\" data-id=\"58814c55\" data-element_type=\"container\">\n\t\t\t\t<div class=\"elementor-element elementor-element-1502eac6 wd-animation-slide-from-bottom wd-width-100 wd-animation-normal elementor-widget elementor-widget-wd_title\" data-id=\"1502eac6\" data-element_type=\"widget\" data-widget_type=\"wd_title.default\">\n\t\t\t\t<div class=\"elementor-widget-container\">\n\t\t\t\t\t\t\t<div class=\"title-wrapper wd-set-mb reset-last-child wd-title-color-default wd-title-style-default wd-title-size-large text-left\">\n\n\t\t\t\n\t\t\t<div class=\"liner-continer\">\n\t\t\t\t<h4 class=\"woodmart-title-container title wd-fontsize-xxl wd-underline-colored\">V\u0130ZYONUMUZ<\/h4> \n\t\t\t\t\t\t\t<\/div>\n\n\t\t\t\t\t<\/div>\n\t\t\t\t\t\t<\/div>\n\t\t\t\t<\/div>\n\t\t\t\t<div class=\"elementor-element elementor-element-331df99a wd-animation-slide-from-bottom wd-animation-normal elementor-widget elementor-widget-wd_text_block\" data-id=\"331df99a\" data-element_type=\"widget\" data-widget_type=\"wd_text_block.default\">\n\t\t\t\t<div class=\"elementor-widget-container\">\n\t\t\t\t\t\t\t<div class=\"wd-text-block reset-last-child text-left\">\n\t\t\t\n\t\t\t<p><strong>M\u00fc\u015fterilerimizin ve payda\u015flar\u0131m\u0131z\u0131n g\u00fcvenini kazanm\u0131\u015f bir d\u00fcnya lideri olmay\u0131 hedefliyoruz. En y\u00fcksek teknolojiyle donat\u0131lm\u0131\u015f CNC ve tala\u015fl\u0131 imalat s\u00fcre\u00e7leri ile m\u00fckemmel kalite kontrol ve Ar-Ge \u00e7al\u0131\u015fmalar\u0131 sayesinde, d\u00fcnya \u00e7ap\u0131ndaki savunma gereksinimlerini kar\u015f\u0131lamak i\u00e7in \u00f6nc\u00fc bir konumda olaca\u011f\u0131z. Vizyonumuz, bar\u0131\u015f ve g\u00fcvenli\u011fin sa\u011flanmas\u0131na katk\u0131da bulunan bir savunma end\u00fcstrisi in\u015fa etmek ve uluslararas\u0131 d\u00fczeyde tan\u0131nm\u0131\u015f bir g\u00fc\u00e7 olmakt\u0131r.<\/strong><\/p>\n\t\t\t\t\t<\/div>\n\t\t\t\t\t\t<\/div>\n\t\t\t\t<\/div>\n\t\t\t\t<\/div>\n\t\t<div class=\"elementor-element elementor-element-2f63ce2c e-con-full e-flex e-con e-child\" data-id=\"2f63ce2c\" data-element_type=\"container\">\n\t\t\t\t<div class=\"elementor-element elementor-element-675fc073 wd-animation-left-flip-y wd-animation-normal elementor-widget elementor-widget-wd_image_or_svg\" data-id=\"675fc073\" data-element_type=\"widget\" data-widget_type=\"wd_image_or_svg.default\">\n\t\t\t\t<div class=\"elementor-widget-container\">\n\t\t\t\t\t\n\t\t<div class=\"wd-image text-left\">\n\t\t\t\t\t\t\t\t<img fetchpriority=\"high\" decoding=\"async\" width=\"750\" height=\"500\" src=\"https:\/\/ozsivassavunma.com\/wp-content\/uploads\/2025\/07\/talasli-imalat-feotomasyon-2-min-qq04f8aqnmshaqs3dv8vj62o7xgb8max7gnpipx5hk.jpg\" class=\"attachment-full size-full\" alt=\"\" srcset=\"https:\/\/ozsivassavunma.com\/wp-content\/uploads\/2025\/07\/talasli-imalat-feotomasyon-2-min-qq04f8aqnmshaqs3dv8vj62o7xgb8max7gnpipx5hk.jpg 750w, https:\/\/ozsivassavunma.com\/wp-content\/uploads\/2025\/07\/talasli-imalat-feotomasyon-2-min-qq04f8aqnmshaqs3dv8vj62o7xgb8max7gnpipx5hk-400x267.jpg 400w, https:\/\/ozsivassavunma.com\/wp-content\/uploads\/2025\/07\/talasli-imalat-feotomasyon-2-min-qq04f8aqnmshaqs3dv8vj62o7xgb8max7gnpipx5hk-430x287.jpg 430w, https:\/\/ozsivassavunma.com\/wp-content\/uploads\/2025\/07\/talasli-imalat-feotomasyon-2-min-qq04f8aqnmshaqs3dv8vj62o7xgb8max7gnpipx5hk-700x467.jpg 700w, https:\/\/ozsivassavunma.com\/wp-content\/uploads\/2025\/07\/talasli-imalat-feotomasyon-2-min-qq04f8aqnmshaqs3dv8vj62o7xgb8max7gnpipx5hk-150x100.jpg 150w\" sizes=\"(max-width: 750px) 100vw, 750px\" \/>\t\t\t\t\t<\/div>\n\n\t\t\t\t\t\t<\/div>\n\t\t\t\t<\/div>\n\t\t\t\t<\/div>\n\t\t\t\t\t<\/div>\n\t\t\t\t<\/div>\n\t\t<div class=\"wd-negative-gap elementor-element elementor-element-6523321 e-flex e-con-boxed e-con e-parent\" data-id=\"6523321\" data-element_type=\"container\">\n\t\t\t\t\t<div class=\"e-con-inner\">\n\t\t\t\t<div class=\"elementor-element elementor-element-3fee065 elementor-widget-divider--view-line elementor-widget elementor-widget-divider\" data-id=\"3fee065\" data-element_type=\"widget\" data-widget_type=\"divider.default\">\n\t\t\t\t\t\t\t<div class=\"elementor-divider\">\n\t\t\t<span class=\"elementor-divider-separator\">\n\t\t\t\t\t\t<\/span>\n\t\t<\/div>\n\t\t\t\t\t\t<\/div>\n\t\t\t\t\t<\/div>\n\t\t\t\t<\/div>\n\t\t<div class=\"wd-negative-gap elementor-element elementor-element-46e71abd e-flex e-con-boxed e-con e-parent\" data-id=\"46e71abd\" data-element_type=\"container\">\n\t\t\t\t\t<div class=\"e-con-inner\">\n\t\t<div class=\"elementor-element elementor-element-cf7a804 e-con-full e-flex e-con e-child\" data-id=\"cf7a804\" data-element_type=\"container\">\n\t\t\t\t<div class=\"elementor-element elementor-element-353b5e14 wd-animation-left-flip-y wd-animation-normal elementor-widget elementor-widget-wd_image_or_svg\" data-id=\"353b5e14\" data-element_type=\"widget\" data-widget_type=\"wd_image_or_svg.default\">\n\t\t\t\t<div class=\"elementor-widget-container\">\n\t\t\t\t\t\n\t\t<div class=\"wd-image text-left\">\n\t\t\t\t\t\t\t\t<img fetchpriority=\"high\" decoding=\"async\" width=\"750\" height=\"500\" src=\"https:\/\/ozsivassavunma.com\/wp-content\/uploads\/2025\/07\/talasli-imalat-feotomasyon-2-min-qq04f8aqnmshaqs3dv8vj62o7xgb8max7gnpipx5hk.jpg\" class=\"attachment-full size-full\" alt=\"\" srcset=\"https:\/\/ozsivassavunma.com\/wp-content\/uploads\/2025\/07\/talasli-imalat-feotomasyon-2-min-qq04f8aqnmshaqs3dv8vj62o7xgb8max7gnpipx5hk.jpg 750w, https:\/\/ozsivassavunma.com\/wp-content\/uploads\/2025\/07\/talasli-imalat-feotomasyon-2-min-qq04f8aqnmshaqs3dv8vj62o7xgb8max7gnpipx5hk-400x267.jpg 400w, https:\/\/ozsivassavunma.com\/wp-content\/uploads\/2025\/07\/talasli-imalat-feotomasyon-2-min-qq04f8aqnmshaqs3dv8vj62o7xgb8max7gnpipx5hk-430x287.jpg 430w, https:\/\/ozsivassavunma.com\/wp-content\/uploads\/2025\/07\/talasli-imalat-feotomasyon-2-min-qq04f8aqnmshaqs3dv8vj62o7xgb8max7gnpipx5hk-700x467.jpg 700w, https:\/\/ozsivassavunma.com\/wp-content\/uploads\/2025\/07\/talasli-imalat-feotomasyon-2-min-qq04f8aqnmshaqs3dv8vj62o7xgb8max7gnpipx5hk-150x100.jpg 150w\" sizes=\"(max-width: 750px) 100vw, 750px\" \/>\t\t\t\t\t<\/div>\n\n\t\t\t\t\t\t<\/div>\n\t\t\t\t<\/div>\n\t\t\t\t<\/div>\n\t\t<div class=\"elementor-element elementor-element-62664400 e-con-full e-flex e-con e-child\" data-id=\"62664400\" data-element_type=\"container\">\n\t\t\t\t<div class=\"elementor-element elementor-element-6aaa6f71 wd-animation-slide-from-bottom wd-width-100 wd-animation-normal elementor-widget elementor-widget-wd_title\" data-id=\"6aaa6f71\" data-element_type=\"widget\" data-widget_type=\"wd_title.default\">\n\t\t\t\t<div class=\"elementor-widget-container\">\n\t\t\t\t\t\t\t<div class=\"title-wrapper wd-set-mb reset-last-child wd-title-color-default wd-title-style-default wd-title-size-large text-left\">\n\n\t\t\t\n\t\t\t<div class=\"liner-continer\">\n\t\t\t\t<h4 class=\"woodmart-title-container title wd-fontsize-xxl wd-underline-colored\">M\u0130SYONUMUZ<\/h4> \n\t\t\t\t\t\t\t<\/div>\n\n\t\t\t\t\t<\/div>\n\t\t\t\t\t\t<\/div>\n\t\t\t\t<\/div>\n\t\t\t\t<div class=\"elementor-element elementor-element-976669 wd-animation-slide-from-bottom wd-animation-normal elementor-widget elementor-widget-wd_text_block\" data-id=\"976669\" data-element_type=\"widget\" data-widget_type=\"wd_text_block.default\">\n\t\t\t\t<div class=\"elementor-widget-container\">\n\t\t\t\t\t\t\t<div class=\"wd-text-block reset-last-child text-left\">\n\t\t\t\n\t\t\t<p><strong>Misyonumuz, y\u00fcksek hassasiyetli CNC i\u015fleme, tala\u015fl\u0131 imalat, kalite kontrol, ve Ar-Ge alanlar\u0131nda uzmanla\u015farak, savunma sekt\u00f6r\u00fcnde yenilik\u00e7i ve g\u00fcvenilir \u00e7\u00f6z\u00fcmler sunmakt\u0131r. M\u00fc\u015fterilerimizin gereksinimlerini en \u00fcst d\u00fczeyde kar\u015f\u0131lamak i\u00e7in s\u00fcrekli iyile\u015ftirme ve m\u00fckemmeliyeti hedefliyoruz. Ayn\u0131 zamanda, ulusal ve uluslararas\u0131 d\u00fczeyde savunma ve g\u00fcvenlik gereksinimlerine katk\u0131da bulunarak bar\u0131\u015f\u0131n ve istikrar\u0131n korunmas\u0131na yard\u0131mc\u0131 olmay\u0131 ama\u00e7l\u0131yoruz. Ekip \u00e7al\u0131\u015fmas\u0131, etik de\u011ferler ve s\u00fcrd\u00fcr\u00fclebilirlik prensipleri, misyonumuzun temelini olu\u015fturur.<\/strong><\/p>\n\t\t\t\t\t<\/div>\n\t\t\t\t\t\t<\/div>\n\t\t\t\t<\/div>\n\t\t\t\t<\/div>\n\t\t\t\t\t<\/div>\n\t\t\t\t<\/div>\n\t\t\t\t<section class=\"wd-negative-gap elementor-section elementor-top-section elementor-element elementor-element-2a4387de wd-section-stretch elementor-section-boxed elementor-section-height-default elementor-section-height-default\" data-id=\"2a4387de\" data-element_type=\"section\" data-settings=\"{&quot;background_background&quot;:&quot;classic&quot;}\">\n\t\t\t\t\t\t\t<div class=\"elementor-background-overlay\"><\/div>\n\t\t\t\t\t\t\t<div class=\"elementor-container elementor-column-gap-no\">\n\t\t\t\t\t<div class=\"elementor-column elementor-col-100 elementor-top-column elementor-element elementor-element-667152a\" data-id=\"667152a\" data-element_type=\"column\">\n\t\t\t<div class=\"elementor-widget-wrap elementor-element-populated\">\n\t\t\t\t\t\t<div class=\"elementor-element elementor-element-52f2f29 wd-width-100 elementor-widget elementor-widget-wd_title\" data-id=\"52f2f29\" data-element_type=\"widget\" data-widget_type=\"wd_title.default\">\n\t\t\t\t<div class=\"elementor-widget-container\">\n\t\t\t\t\t\t\t<div class=\"title-wrapper wd-set-mb reset-last-child wd-title-color-default wd-title-style-default wd-title-size-extra-large text-center\">\n\n\t\t\t\n\t\t\t<div class=\"liner-continer\">\n\t\t\t\t<h5 class=\"woodmart-title-container title wd-fontsize-xxxl\">Kaliteli \u00dcretim \u0130\u00e7in \u00d6nc\u00fcl \u00c7\u00f6z\u00fcmler<\/h5> \n\t\t\t\t\t\t\t<\/div>\n\n\t\t\t\t\t\t\t<div class=\"title-after_title reset-last-child wd-fontsize-s\">\n\t\t\t\t\tTasar\u0131m a\u015famas\u0131ndan imalata,imalat a\u015faams\u0131ndan kalite kontrol ve montaj asamas\u0131na ve sonras\u0131nda m\u00fc\u015fteriye teslimine kadar t\u00fcm s\u00fcreci y\u0131llara dayanan tecr\u00fcbemiz,y\u00fcksek teknolojimiz ve alan\u0131nda uzman personelimiz ile sizlere sunuyoruz\t\t\t\t<\/div>\n\t\t\t\t\t<\/div>\n\t\t\t\t\t\t<\/div>\n\t\t\t\t<\/div>\n\t\t\t\t<div class=\"elementor-element elementor-element-1588a560 elementor-widget elementor-widget-wd_button\" data-id=\"1588a560\" data-element_type=\"widget\" data-widget_type=\"wd_button.default\">\n\t\t\t\t<div class=\"elementor-widget-container\">\n\t\t\t\t\t\t\t<div class=\"wd-button-wrapper text-center\" >\n\t\t\t<a class=\"btn btn-style-default btn-shape-rectangle btn-size-extra-large btn-color-white btn-icon-pos-right\"  href=\"https:\/\/wa.me\/+905310146257\">\n\t\t\t\t<span class=\"wd-btn-text\" data-elementor-setting-key=\"text\">\n\t\t\t\t\t\u0130LET\u0130\u015e\u0130ME GE\u00c7\t\t\t\t<\/span>\n\n\t\t\t\t\t\t\t<\/a>\n\t\t<\/div>\n\t\t\t\t\t\t<\/div>\n\t\t\t\t<\/div>\n\t\t\t\t\t<\/div>\n\t\t<\/div>\n\t\t\t\t\t<\/div>\n\t\t<\/section>\n\t\t<div class=\"wd-negative-gap elementor-element elementor-element-5b87324 e-flex e-con-boxed e-con e-parent\" data-id=\"5b87324\" data-element_type=\"container\">\n\t\t\t\t\t<div class=\"e-con-inner\">\n\t\t\t\t<div class=\"elementor-element elementor-element-698224a elementor-widget elementor-widget-spacer\" data-id=\"698224a\" data-element_type=\"widget\" data-widget_type=\"spacer.default\">\n\t\t\t\t\t\t\t<div class=\"elementor-spacer\">\n\t\t\t<div class=\"elementor-spacer-inner\"><\/div>\n\t\t<\/div>\n\t\t\t\t\t\t<\/div>\n\t\t\t\t\t<\/div>\n\t\t\t\t<\/div>\n\t\t<div class=\"elementor-element elementor-element-32874394 e-con-full wd-section-stretch e-flex e-con e-parent\" data-id=\"32874394\" data-element_type=\"container\">\n\t\t\t\t<div class=\"elementor-element elementor-element-2c06f3d5 elementor-arrows-position-inside elementor-pagination-position-outside elementor-widget elementor-widget-image-carousel\" data-id=\"2c06f3d5\" data-element_type=\"widget\" data-settings=\"{&quot;slides_to_show&quot;:&quot;4&quot;,&quot;image_spacing_custom&quot;:{&quot;unit&quot;:&quot;px&quot;,&quot;size&quot;:45,&quot;sizes&quot;:[]},&quot;navigation&quot;:&quot;both&quot;,&quot;autoplay&quot;:&quot;yes&quot;,&quot;pause_on_hover&quot;:&quot;yes&quot;,&quot;pause_on_interaction&quot;:&quot;yes&quot;,&quot;autoplay_speed&quot;:5000,&quot;infinite&quot;:&quot;yes&quot;,&quot;speed&quot;:500,&quot;image_spacing_custom_tablet&quot;:{&quot;unit&quot;:&quot;px&quot;,&quot;size&quot;:&quot;&quot;,&quot;sizes&quot;:[]},&quot;image_spacing_custom_mobile&quot;:{&quot;unit&quot;:&quot;px&quot;,&quot;size&quot;:&quot;&quot;,&quot;sizes&quot;:[]}}\" data-widget_type=\"image-carousel.default\">\n\t\t\t\t\t\t\t<div class=\"elementor-image-carousel-wrapper swiper\" role=\"region\" aria-roledescription=\"carousel\" aria-label=\"Resim D\u00f6ng\u00fcs\u00fc\" dir=\"ltr\">\n\t\t\t<div class=\"elementor-image-carousel swiper-wrapper\" aria-live=\"off\">\n\t\t\t\t\t\t\t\t<div class=\"swiper-slide\" role=\"group\" aria-roledescription=\"slide\" aria-label=\"1 \/ 4\"><figure class=\"swiper-slide-inner\"><img decoding=\"async\" class=\"swiper-slide-image\" src=\"https:\/\/ozsivassavunma.com\/wp-content\/uploads\/2025\/07\/1-768x576.png\" alt=\"1\" \/><\/figure><\/div><div class=\"swiper-slide\" role=\"group\" aria-roledescription=\"slide\" aria-label=\"2 \/ 4\"><figure class=\"swiper-slide-inner\"><img decoding=\"async\" class=\"swiper-slide-image\" src=\"https:\/\/ozsivassavunma.com\/wp-content\/uploads\/2025\/07\/2-768x576.png\" alt=\"2\" \/><\/figure><\/div><div class=\"swiper-slide\" role=\"group\" aria-roledescription=\"slide\" aria-label=\"3 \/ 4\"><figure class=\"swiper-slide-inner\"><img decoding=\"async\" class=\"swiper-slide-image\" src=\"https:\/\/ozsivassavunma.com\/wp-content\/uploads\/2025\/07\/3-1-768x576.png\" alt=\"3\" \/><\/figure><\/div><div class=\"swiper-slide\" role=\"group\" aria-roledescription=\"slide\" aria-label=\"4 \/ 4\"><figure class=\"swiper-slide-inner\"><img decoding=\"async\" class=\"swiper-slide-image\" src=\"https:\/\/ozsivassavunma.com\/wp-content\/uploads\/2025\/07\/4-768x576.png\" alt=\"4\" \/><\/figure><\/div>\t\t\t<\/div>\n\t\t\t\t\t\t\t\t\t\t\t\t<div class=\"elementor-swiper-button elementor-swiper-button-prev\" role=\"button\" tabindex=\"0\">\n\t\t\t\t\t\t<svg aria-hidden=\"true\" class=\"e-font-icon-svg e-eicon-chevron-left\" viewBox=\"0 0 1000 1000\" xmlns=\"http:\/\/www.w3.org\/2000\/svg\"><path d=\"M646 125C629 125 613 133 604 142L308 442C296 454 292 471 292 487 292 504 296 521 308 533L604 854C617 867 629 875 646 875 663 875 679 871 692 858 704 846 713 829 713 812 713 796 708 779 692 767L438 487 692 225C700 217 708 204 708 187 708 171 704 154 692 142 675 129 663 125 646 125Z\"><\/path><\/svg>\t\t\t\t\t<\/div>\n\t\t\t\t\t<div class=\"elementor-swiper-button elementor-swiper-button-next\" role=\"button\" tabindex=\"0\">\n\t\t\t\t\t\t<svg aria-hidden=\"true\" class=\"e-font-icon-svg e-eicon-chevron-right\" viewBox=\"0 0 1000 1000\" xmlns=\"http:\/\/www.w3.org\/2000\/svg\"><path d=\"M696 533C708 521 713 504 713 487 713 471 708 454 696 446L400 146C388 133 375 125 354 125 338 125 325 129 313 142 300 154 292 171 292 187 292 204 296 221 308 233L563 492 304 771C292 783 288 800 288 817 288 833 296 850 308 863 321 871 338 875 354 875 371 875 388 867 400 854L696 533Z\"><\/path><\/svg>\t\t\t\t\t<\/div>\n\t\t\t\t\n\t\t\t\t\t\t\t\t\t<div class=\"swiper-pagination\"><\/div>\n\t\t\t\t\t\t\t\t\t<\/div>\n\t\t\t\t\t\t<\/div>\n\t\t\t\t<\/div>\n\t\t\t\t<\/div>\n\t\t","protected":false},"excerpt":{"rendered":"<p>V\u0130ZYONUMUZ M\u00fc\u015fterilerimizin ve payda\u015flar\u0131m\u0131z\u0131n g\u00fcvenini kazanm\u0131\u015f bir d\u00fcnya lideri olmay\u0131 hedefliyoruz. En y\u00fcksek teknolojiyle donat\u0131lm\u0131\u015f CNC ve tala\u015fl\u0131 imalat s\u00fcre\u00e7leri<\/p>\n","protected":false},"author":1,"featured_media":0,"parent":0,"menu_order":0,"comment_status":"closed","ping_status":"closed","template":"","meta":{"footnotes":""},"class_list":["post-29228","page","type-page","status-publish","hentry"],"_links":{"self":[{"href":"https:\/\/ozsivassavunma.com\/index.php?rest_route=\/wp\/v2\/pages\/29228","targetHints":{"allow":["GET"]}}],"collection":[{"href":"https:\/\/ozsivassavunma.com\/index.php?rest_route=\/wp\/v2\/pages"}],"about":[{"href":"https:\/\/ozsivassavunma.com\/index.php?rest_route=\/wp\/v2\/types\/page"}],"author":[{"embeddable":true,"href":"https:\/\/ozsivassavunma.com\/index.php?rest_route=\/wp\/v2\/users\/1"}],"replies":[{"embeddable":true,"href":"https:\/\/ozsivassavunma.com\/index.php?rest_route=%2Fwp%2Fv2%2Fcomments&post=29228"}],"version-history":[{"count":13,"href":"https:\/\/ozsivassavunma.com\/index.php?rest_route=\/wp\/v2\/pages\/29228\/revisions"}],"predecessor-version":[{"id":29246,"href":"https:\/\/ozsivassavunma.com\/index.php?rest_route=\/wp\/v2\/pages\/29228\/revisions\/29246"}],"wp:attachment":[{"href":"https:\/\/ozsivassavunma.com\/index.php?rest_route=%2Fwp%2Fv2%2Fmedia&parent=29228"}],"curies":[{"name":"wp","href":"https:\/\/api.w.org\/{rel}","templated":true}]}}