{"id":29247,"date":"2025-07-09T13:04:31","date_gmt":"2025-07-09T13:04:31","guid":{"rendered":"https:\/\/ozsivassavunma.com\/v2\/?page_id=29247"},"modified":"2025-07-09T13:18:14","modified_gmt":"2025-07-09T13:18:14","slug":"degerlerimiz","status":"publish","type":"page","link":"https:\/\/ozsivassavunma.com\/?page_id=29247","title":{"rendered":"De\u011ferlerimiz"},"content":{"rendered":"\t\t<div data-elementor-type=\"wp-page\" data-elementor-id=\"29247\" class=\"elementor elementor-29247\" data-elementor-post-type=\"page\">\n\t\t\t\t<div class=\"wd-negative-gap elementor-element elementor-element-4ee0fe2d e-flex e-con-boxed e-con e-parent\" data-id=\"4ee0fe2d\" data-element_type=\"container\">\n\t\t\t\t\t<div class=\"e-con-inner\">\n\t\t\t\t<div class=\"elementor-element elementor-element-61fbfbce elementor-widget elementor-widget-spacer\" data-id=\"61fbfbce\" data-element_type=\"widget\" data-widget_type=\"spacer.default\">\n\t\t\t\t\t\t\t<div class=\"elementor-spacer\">\n\t\t\t<div class=\"elementor-spacer-inner\"><\/div>\n\t\t<\/div>\n\t\t\t\t\t\t<\/div>\n\t\t\t\t\t<\/div>\n\t\t\t\t<\/div>\n\t\t<div class=\"wd-negative-gap elementor-element elementor-element-1fb41a5a wd-section-stretch e-flex e-con-boxed e-con e-parent\" data-id=\"1fb41a5a\" data-element_type=\"container\" data-settings=\"{&quot;background_background&quot;:&quot;classic&quot;}\">\n\t\t\t\t\t<div class=\"e-con-inner\">\n\t\t\t\t<div class=\"elementor-element elementor-element-667d48fe animated-fast wd-width-100 elementor-invisible elementor-widget elementor-widget-wd_title\" data-id=\"667d48fe\" data-element_type=\"widget\" data-settings=\"{&quot;_animation&quot;:&quot;wd-anim-slide-from-bottom&quot;}\" data-widget_type=\"wd_title.default\">\n\t\t\t\t<div class=\"elementor-widget-container\">\n\t\t\t\t\t\t\t<div class=\"title-wrapper wd-set-mb reset-last-child wd-title-color-default wd-title-style-default wd-title-size-default text-center\">\n\n\t\t\t\n\t\t\t<div class=\"liner-continer\">\n\t\t\t\t<h4 class=\"woodmart-title-container title wd-fontsize-l wd-underline-colored\"><u> \"Kararlar\u0131m\u0131z\u0131 Verirken De\u011ferlerimiz Yol G\u00f6sterir.\"<br \/>\n<br \/>\n<\/u> <\/h4> \n\t\t\t\t\t\t\t<\/div>\n\n\t\t\t\t\t<\/div>\n\t\t\t\t\t\t<\/div>\n\t\t\t\t<\/div>\n\t\t\t\t<div class=\"elementor-element elementor-element-6db8c5d5 animated-fast elementor-invisible elementor-widget elementor-widget-wd_text_block\" data-id=\"6db8c5d5\" data-element_type=\"widget\" data-settings=\"{&quot;_animation&quot;:&quot;wd-anim-slide-from-bottom&quot;}\" data-widget_type=\"wd_text_block.default\">\n\t\t\t\t<div class=\"elementor-widget-container\">\n\t\t\t\t\t\t\t<div class=\"wd-text-block reset-last-child text-center\">\n\t\t\t\n\t\t\t<p><strong>Kalite:<\/strong>\u00a0Kalite, her \u015feyin temelidir. \u00dcr\u00fcnlerimiz ve hizmetlerimiz d\u00fcnya standartlar\u0131nda olmal\u0131 ve m\u00fc\u015fteri memnuniyetini en \u00fcst d\u00fczeyde sa\u011flamal\u0131d\u0131r.<\/p><p><strong>\u00c7evre Duyarl\u0131l\u0131\u011f\u0131:<\/strong>\u00a0\u00c7evremize sayg\u0131 g\u00f6stermek ve s\u00fcrd\u00fcr\u00fclebilirli\u011fi te\u015fvik etmek bizim i\u00e7in \u00f6nemlidir. Do\u011fal kaynaklar\u0131 korumak ve \u00e7evresel etkileri minimize etmek, i\u015f yap\u0131\u015f bi\u00e7imimizin ayr\u0131lmaz bir par\u00e7as\u0131d\u0131r.<\/p><p><strong>G\u00fcvenlik:<\/strong>\u00a0G\u00fcvenlik, her \u015feyin ba\u015f\u0131nda gelir. Hem kendi personelimizin hem de m\u00fc\u015fterilerimizin g\u00fcvende olmalar\u0131n\u0131 sa\u011flamak i\u00e7in s\u00fcrekli \u00e7aba harcar\u0131z.<\/p><p><strong>\u0130novasyon:<\/strong>\u00a0S\u00fcrekli olarak yeni ve daha iyi \u00e7\u00f6z\u00fcmler bulma konusundaki tutkumuz, end\u00fcstrinin \u00f6nde gelen bir oyuncusu olmam\u0131z\u0131 sa\u011flar. Ar-Ge\u2019ye yat\u0131r\u0131m yaparak, teknolojik \u00f6nc\u00fcl\u00fc\u011f\u00fcm\u00fcz\u00fc s\u00fcrd\u00fcrmek i\u00e7in \u00e7al\u0131\u015f\u0131r\u0131z.<\/p><p><strong>M\u00fc\u015fteri Odakl\u0131l\u0131k:<\/strong>\u00a0M\u00fc\u015fterilerimizin ihtiya\u00e7lar\u0131n\u0131 anlamak ve onlar\u0131 en \u00fcst d\u00fczeyde kar\u015f\u0131lamak, i\u015f yapma bi\u00e7imimizin temelini olu\u015fturur. M\u00fc\u015fterilerimize de\u011fer katmak i\u00e7in s\u00fcrekli olarak \u00e7aba g\u00f6steririz.<\/p><p><strong>Ekip \u00c7al\u0131\u015fmas\u0131:<\/strong>\u00a0Tak\u0131m \u00e7al\u0131\u015fmas\u0131 ve i\u015fbirli\u011fi, ba\u015far\u0131m\u0131z\u0131n anahtar\u0131d\u0131r. Her bir \u00e7al\u0131\u015fan, birlikte daha b\u00fcy\u00fck bir hedefe ula\u015fmak i\u00e7in bir araya gelmeli ve desteklenmelidir.<\/p><p><strong>Etik De\u011ferler:<\/strong>\u00a0\u0130\u015fimizi d\u00fcr\u00fcstl\u00fck, \u015feffafl\u0131k ve etik de\u011ferlerle y\u00fcr\u00fctme taahh\u00fcd\u00fcm\u00fcz\u00fc koruruz. \u0130\u015f d\u00fcnyas\u0131nda ve toplumda etik standartlara uymak i\u00e7in \u00f6rnek oluruz.<\/p><p><strong>Sosyal Sorumluluk:<\/strong>\u00a0Topluma ve toplumun ihtiya\u00e7lar\u0131na duyarl\u0131l\u0131k g\u00f6stermek, sosyal sorumlulu\u011fumuzun bir par\u00e7as\u0131d\u0131r. Toplumsal geli\u015fim ve iyile\u015ftirme i\u00e7in \u00e7aba g\u00f6steririz.<\/p><p><strong>E\u011fitim ve Geli\u015fim:<\/strong>\u00a0Personelimizin s\u00fcrekli e\u011fitilmesi ve geli\u015fimi, firmam\u0131z\u0131n ba\u015far\u0131s\u0131n\u0131n temelidir. \u0130nsan kaynaklar\u0131na yat\u0131r\u0131m yaparak, \u00e7al\u0131\u015fanlar\u0131m\u0131z\u0131n en iyi potansiyellerini ortaya koymalar\u0131na yard\u0131mc\u0131 oluruz.<\/p><p>\u00d6zsivas Savunma olarak, bu de\u011ferler i\u015fimizin temelini olu\u015fturur ve bizi m\u00fc\u015fterilerimizin ve payda\u015flar\u0131m\u0131z\u0131n g\u00fcvenilir bir i\u015f orta\u011f\u0131 olarak konumland\u0131r\u0131r.<\/p><p>\u00a0<\/p>\n\t\t\t\t\t<\/div>\n\t\t\t\t\t\t<\/div>\n\t\t\t\t<\/div>\n\t\t\t\t\t<\/div>\n\t\t\t\t<\/div>\n\t\t<div class=\"wd-negative-gap elementor-element elementor-element-4644ea1b e-flex e-con-boxed e-con e-parent\" data-id=\"4644ea1b\" data-element_type=\"container\">\n\t\t\t\t\t<div class=\"e-con-inner\">\n\t\t\t\t<div class=\"elementor-element elementor-element-799425c0 elementor-widget elementor-widget-spacer\" data-id=\"799425c0\" data-element_type=\"widget\" data-widget_type=\"spacer.default\">\n\t\t\t\t\t\t\t<div class=\"elementor-spacer\">\n\t\t\t<div class=\"elementor-spacer-inner\"><\/div>\n\t\t<\/div>\n\t\t\t\t\t\t<\/div>\n\t\t\t\t\t<\/div>\n\t\t\t\t<\/div>\n\t\t<div class=\"wd-negative-gap elementor-element elementor-element-f69ae98 e-flex e-con-boxed e-con e-parent\" data-id=\"f69ae98\" data-element_type=\"container\">\n\t\t\t\t\t<div class=\"e-con-inner\">\n\t\t\t\t<div class=\"elementor-element elementor-element-c87d937 elementor-widget elementor-widget-spacer\" data-id=\"c87d937\" data-element_type=\"widget\" data-widget_type=\"spacer.default\">\n\t\t\t\t\t\t\t<div class=\"elementor-spacer\">\n\t\t\t<div class=\"elementor-spacer-inner\"><\/div>\n\t\t<\/div>\n\t\t\t\t\t\t<\/div>\n\t\t\t\t\t<\/div>\n\t\t\t\t<\/div>\n\t\t\t\t<section class=\"wd-negative-gap elementor-section elementor-top-section elementor-element elementor-element-29e00bce wd-section-stretch elementor-section-boxed elementor-section-height-default elementor-section-height-default\" data-id=\"29e00bce\" data-element_type=\"section\" data-settings=\"{&quot;background_background&quot;:&quot;classic&quot;}\">\n\t\t\t\t\t\t\t<div class=\"elementor-background-overlay\"><\/div>\n\t\t\t\t\t\t\t<div class=\"elementor-container elementor-column-gap-no\">\n\t\t\t\t\t<div class=\"elementor-column elementor-col-100 elementor-top-column elementor-element elementor-element-29ce93f2\" data-id=\"29ce93f2\" data-element_type=\"column\">\n\t\t\t<div class=\"elementor-widget-wrap elementor-element-populated\">\n\t\t\t\t\t\t<div class=\"elementor-element elementor-element-4de3f62f wd-width-100 elementor-widget elementor-widget-wd_title\" data-id=\"4de3f62f\" data-element_type=\"widget\" data-widget_type=\"wd_title.default\">\n\t\t\t\t<div class=\"elementor-widget-container\">\n\t\t\t\t\t\t\t<div class=\"title-wrapper wd-set-mb reset-last-child wd-title-color-default wd-title-style-default wd-title-size-extra-large text-center\">\n\n\t\t\t\n\t\t\t<div class=\"liner-continer\">\n\t\t\t\t<h5 class=\"woodmart-title-container title wd-fontsize-xxxl\">Kaliteli \u00dcretim \u0130\u00e7in \u00d6nc\u00fcl \u00c7\u00f6z\u00fcmler<\/h5> \n\t\t\t\t\t\t\t<\/div>\n\n\t\t\t\t\t\t\t<div class=\"title-after_title reset-last-child wd-fontsize-s\">\n\t\t\t\t\tTasar\u0131m a\u015famas\u0131ndan imalata,imalat a\u015faams\u0131ndan kalite kontrol ve montaj asamas\u0131na ve sonras\u0131nda m\u00fc\u015fteriye teslimine kadar t\u00fcm s\u00fcreci y\u0131llara dayanan tecr\u00fcbemiz,y\u00fcksek teknolojimiz ve alan\u0131nda uzman personelimiz ile sizlere sunuyoruz\t\t\t\t<\/div>\n\t\t\t\t\t<\/div>\n\t\t\t\t\t\t<\/div>\n\t\t\t\t<\/div>\n\t\t\t\t<div class=\"elementor-element elementor-element-b3996d9 elementor-widget elementor-widget-wd_button\" data-id=\"b3996d9\" data-element_type=\"widget\" data-widget_type=\"wd_button.default\">\n\t\t\t\t<div class=\"elementor-widget-container\">\n\t\t\t\t\t\t\t<div class=\"wd-button-wrapper text-center\" >\n\t\t\t<a class=\"btn btn-style-default btn-shape-rectangle btn-size-extra-large btn-color-white btn-icon-pos-right\"  href=\"https:\/\/wa.me\/+905310146257\">\n\t\t\t\t<span class=\"wd-btn-text\" data-elementor-setting-key=\"text\">\n\t\t\t\t\t\u0130LET\u0130\u015e\u0130ME GE\u00c7\t\t\t\t<\/span>\n\n\t\t\t\t\t\t\t<\/a>\n\t\t<\/div>\n\t\t\t\t\t\t<\/div>\n\t\t\t\t<\/div>\n\t\t\t\t\t<\/div>\n\t\t<\/div>\n\t\t\t\t\t<\/div>\n\t\t<\/section>\n\t\t<div class=\"elementor-element elementor-element-55011dd e-con-full wd-section-stretch e-flex e-con e-parent\" data-id=\"55011dd\" data-element_type=\"container\">\n\t\t\t\t<div class=\"elementor-element elementor-element-4bca4e78 elementor-arrows-position-inside elementor-pagination-position-outside elementor-widget elementor-widget-image-carousel\" data-id=\"4bca4e78\" data-element_type=\"widget\" data-settings=\"{&quot;slides_to_show&quot;:&quot;4&quot;,&quot;image_spacing_custom&quot;:{&quot;unit&quot;:&quot;px&quot;,&quot;size&quot;:45,&quot;sizes&quot;:[]},&quot;navigation&quot;:&quot;both&quot;,&quot;autoplay&quot;:&quot;yes&quot;,&quot;pause_on_hover&quot;:&quot;yes&quot;,&quot;pause_on_interaction&quot;:&quot;yes&quot;,&quot;autoplay_speed&quot;:5000,&quot;infinite&quot;:&quot;yes&quot;,&quot;speed&quot;:500,&quot;image_spacing_custom_tablet&quot;:{&quot;unit&quot;:&quot;px&quot;,&quot;size&quot;:&quot;&quot;,&quot;sizes&quot;:[]},&quot;image_spacing_custom_mobile&quot;:{&quot;unit&quot;:&quot;px&quot;,&quot;size&quot;:&quot;&quot;,&quot;sizes&quot;:[]}}\" data-widget_type=\"image-carousel.default\">\n\t\t\t\t\t\t\t<div class=\"elementor-image-carousel-wrapper swiper\" role=\"region\" aria-roledescription=\"carousel\" aria-label=\"Resim D\u00f6ng\u00fcs\u00fc\" dir=\"ltr\">\n\t\t\t<div class=\"elementor-image-carousel swiper-wrapper\" aria-live=\"off\">\n\t\t\t\t\t\t\t\t<div class=\"swiper-slide\" role=\"group\" aria-roledescription=\"slide\" aria-label=\"1 \/ 4\"><figure class=\"swiper-slide-inner\"><img decoding=\"async\" class=\"swiper-slide-image\" src=\"https:\/\/ozsivassavunma.com\/wp-content\/uploads\/2025\/07\/1-768x576.png\" alt=\"1\" \/><\/figure><\/div><div class=\"swiper-slide\" role=\"group\" aria-roledescription=\"slide\" aria-label=\"2 \/ 4\"><figure class=\"swiper-slide-inner\"><img decoding=\"async\" class=\"swiper-slide-image\" src=\"https:\/\/ozsivassavunma.com\/wp-content\/uploads\/2025\/07\/2-768x576.png\" alt=\"2\" \/><\/figure><\/div><div class=\"swiper-slide\" role=\"group\" aria-roledescription=\"slide\" aria-label=\"3 \/ 4\"><figure class=\"swiper-slide-inner\"><img decoding=\"async\" class=\"swiper-slide-image\" src=\"https:\/\/ozsivassavunma.com\/wp-content\/uploads\/2025\/07\/3-1-768x576.png\" alt=\"3\" \/><\/figure><\/div><div class=\"swiper-slide\" role=\"group\" aria-roledescription=\"slide\" aria-label=\"4 \/ 4\"><figure class=\"swiper-slide-inner\"><img decoding=\"async\" class=\"swiper-slide-image\" src=\"https:\/\/ozsivassavunma.com\/wp-content\/uploads\/2025\/07\/4-768x576.png\" alt=\"4\" \/><\/figure><\/div>\t\t\t<\/div>\n\t\t\t\t\t\t\t\t\t\t\t\t<div class=\"elementor-swiper-button elementor-swiper-button-prev\" role=\"button\" tabindex=\"0\">\n\t\t\t\t\t\t<svg aria-hidden=\"true\" class=\"e-font-icon-svg e-eicon-chevron-left\" viewBox=\"0 0 1000 1000\" xmlns=\"http:\/\/www.w3.org\/2000\/svg\"><path d=\"M646 125C629 125 613 133 604 142L308 442C296 454 292 471 292 487 292 504 296 521 308 533L604 854C617 867 629 875 646 875 663 875 679 871 692 858 704 846 713 829 713 812 713 796 708 779 692 767L438 487 692 225C700 217 708 204 708 187 708 171 704 154 692 142 675 129 663 125 646 125Z\"><\/path><\/svg>\t\t\t\t\t<\/div>\n\t\t\t\t\t<div class=\"elementor-swiper-button elementor-swiper-button-next\" role=\"button\" tabindex=\"0\">\n\t\t\t\t\t\t<svg aria-hidden=\"true\" class=\"e-font-icon-svg e-eicon-chevron-right\" viewBox=\"0 0 1000 1000\" xmlns=\"http:\/\/www.w3.org\/2000\/svg\"><path d=\"M696 533C708 521 713 504 713 487 713 471 708 454 696 446L400 146C388 133 375 125 354 125 338 125 325 129 313 142 300 154 292 171 292 187 292 204 296 221 308 233L563 492 304 771C292 783 288 800 288 817 288 833 296 850 308 863 321 871 338 875 354 875 371 875 388 867 400 854L696 533Z\"><\/path><\/svg>\t\t\t\t\t<\/div>\n\t\t\t\t\n\t\t\t\t\t\t\t\t\t<div class=\"swiper-pagination\"><\/div>\n\t\t\t\t\t\t\t\t\t<\/div>\n\t\t\t\t\t\t<\/div>\n\t\t\t\t<\/div>\n\t\t\t\t<\/div>\n\t\t","protected":false},"excerpt":{"rendered":"<p>&#8220;Kararlar\u0131m\u0131z\u0131 Verirken De\u011ferlerimiz Yol G\u00f6sterir.&#8221; Kalite:\u00a0Kalite, her \u015feyin temelidir. \u00dcr\u00fcnlerimiz ve hizmetlerimiz d\u00fcnya standartlar\u0131nda olmal\u0131 ve m\u00fc\u015fteri memnuniyetini en \u00fcst<\/p>\n","protected":false},"author":1,"featured_media":0,"parent":0,"menu_order":0,"comment_status":"closed","ping_status":"closed","template":"","meta":{"footnotes":""},"class_list":["post-29247","page","type-page","status-publish","hentry"],"_links":{"self":[{"href":"https:\/\/ozsivassavunma.com\/index.php?rest_route=\/wp\/v2\/pages\/29247","targetHints":{"allow":["GET"]}}],"collection":[{"href":"https:\/\/ozsivassavunma.com\/index.php?rest_route=\/wp\/v2\/pages"}],"about":[{"href":"https:\/\/ozsivassavunma.com\/index.php?rest_route=\/wp\/v2\/types\/page"}],"author":[{"embeddable":true,"href":"https:\/\/ozsivassavunma.com\/index.php?rest_route=\/wp\/v2\/users\/1"}],"replies":[{"embeddable":true,"href":"https:\/\/ozsivassavunma.com\/index.php?rest_route=%2Fwp%2Fv2%2Fcomments&post=29247"}],"version-history":[{"count":4,"href":"https:\/\/ozsivassavunma.com\/index.php?rest_route=\/wp\/v2\/pages\/29247\/revisions"}],"predecessor-version":[{"id":29259,"href":"https:\/\/ozsivassavunma.com\/index.php?rest_route=\/wp\/v2\/pages\/29247\/revisions\/29259"}],"wp:attachment":[{"href":"https:\/\/ozsivassavunma.com\/index.php?rest_route=%2Fwp%2Fv2%2Fmedia&parent=29247"}],"curies":[{"name":"wp","href":"https:\/\/api.w.org\/{rel}","templated":true}]}}