{"id":29261,"date":"2025-07-09T13:21:04","date_gmt":"2025-07-09T13:21:04","guid":{"rendered":"https:\/\/ozsivassavunma.com\/v2\/?page_id=29261"},"modified":"2025-07-09T13:23:37","modified_gmt":"2025-07-09T13:23:37","slug":"cevre-politikamiz","status":"publish","type":"page","link":"https:\/\/ozsivassavunma.com\/?page_id=29261","title":{"rendered":"\u00c7evre Politikam\u0131z"},"content":{"rendered":"\t\t<div data-elementor-type=\"wp-page\" data-elementor-id=\"29261\" class=\"elementor elementor-29261\" data-elementor-post-type=\"page\">\n\t\t\t\t<div class=\"wd-negative-gap elementor-element elementor-element-62077ab3 wd-section-stretch e-flex e-con-boxed e-con e-parent\" data-id=\"62077ab3\" data-element_type=\"container\" data-settings=\"{&quot;background_background&quot;:&quot;classic&quot;}\">\n\t\t\t\t\t<div class=\"e-con-inner\">\n\t\t\t\t<div class=\"elementor-element elementor-element-6edba62a animated-fast wd-width-100 elementor-invisible elementor-widget elementor-widget-wd_title\" data-id=\"6edba62a\" data-element_type=\"widget\" data-settings=\"{&quot;_animation&quot;:&quot;wd-anim-slide-from-bottom&quot;}\" data-widget_type=\"wd_title.default\">\n\t\t\t\t<div class=\"elementor-widget-container\">\n\t\t\t\t\t\t\t<div class=\"title-wrapper wd-set-mb reset-last-child wd-title-color-default wd-title-style-default wd-title-size-default text-center\">\n\n\t\t\t\n\t\t\t<div class=\"liner-continer\">\n\t\t\t\t<h4 class=\"woodmart-title-container title wd-fontsize-l wd-underline-colored\"><u>\u00c7evre Politikam\u0131z<\/u><\/h4> \n\t\t\t\t\t\t\t<\/div>\n\n\t\t\t\t\t<\/div>\n\t\t\t\t\t\t<\/div>\n\t\t\t\t<\/div>\n\t\t\t\t<div class=\"elementor-element elementor-element-6d20bc3 animated-fast elementor-invisible elementor-widget elementor-widget-wd_text_block\" data-id=\"6d20bc3\" data-element_type=\"widget\" data-settings=\"{&quot;_animation&quot;:&quot;wd-anim-slide-from-bottom&quot;}\" data-widget_type=\"wd_text_block.default\">\n\t\t\t\t<div class=\"elementor-widget-container\">\n\t\t\t\t\t\t\t<div class=\"wd-text-block reset-last-child text-center\">\n\t\t\t\n\t\t\t<p>\u00d6zsivas Savunma, \u00e7evresel s\u00fcrd\u00fcr\u00fclebilirlik ve sorumluluk ilkelerini benimseyen bir savunma firmas\u0131d\u0131r. Do\u011fal kaynaklar\u0131n korunmas\u0131, \u00e7evresel etkilerin en aza indirgenmesi ve ye\u015fil uygulamalar\u0131n te\u015fvik edilmesi, i\u015f faaliyetlerimizin merkezinde bulunmaktad\u0131r.<\/p><p><strong>\u00c7evresel Yasa ve Standartlara Uyum:<\/strong>\u00a0\u0130\u015f faaliyetlerimiz, ilgili yerel, ulusal ve uluslararas\u0131 \u00e7evresel yasal d\u00fczenlemelere ve standartlara tam uyum sa\u011flayacakt\u0131r. T\u00fcm operasyonlar\u0131m\u0131z \u00e7evre d\u00fczenlemelerine ve lisanslara uygun olacakt\u0131r.<\/p><p><strong>Enerji ve Kaynak Verimlili\u011fi:<\/strong>\u00a0Enerji ve kaynak verimlili\u011fini art\u0131rmak i\u00e7in s\u00fcrekli olarak \u00e7al\u0131\u015faca\u011f\u0131z. At\u0131klar\u0131 en aza indirgemek, enerji tasarrufu yapmak ve do\u011fal kaynaklar\u0131n s\u00fcrd\u00fcr\u00fclebilir kullan\u0131m\u0131n\u0131 te\u015fvik etmek hedeflerimizin bir par\u00e7as\u0131d\u0131r.<\/p><p><strong>At\u0131k Y\u00f6netimi ve Geri D\u00f6n\u00fc\u015f\u00fcm:<\/strong>\u00a0At\u0131k y\u00f6netimi en iyi uygulamalar\u0131n\u0131 benimseyece\u011fiz ve geri d\u00f6n\u00fc\u015f\u00fcm\u00fc te\u015fvik edece\u011fiz. At\u0131klar\u0131n azalt\u0131lmas\u0131, yeniden kullan\u0131lmas\u0131 ve geri d\u00f6n\u00fc\u015f\u00fcm\u00fc, \u00e7evresel etkimizi minimize etmek i\u00e7in temel bir stratejimizdir.<\/p><p><strong>\u00c7evre Bilinci ve E\u011fitim:<\/strong>\u00a0T\u00fcm \u00e7al\u0131\u015fanlar\u0131m\u0131z\u0131, \u00e7evresel sorumluluklar\u0131m\u0131z ve \u00e7evre koruma konular\u0131nda bilin\u00e7lendirece\u011fiz. \u00c7al\u0131\u015fanlar\u0131m\u0131z\u0131 e\u011fitmek ve \u00e7evresel fark\u0131ndal\u0131\u011f\u0131 art\u0131rmak, \u00e7evre politikam\u0131z\u0131n \u00f6nemli bir par\u00e7as\u0131d\u0131r.<\/p><p><strong>\u00dcr\u00fcn ve S\u00fcre\u00e7 \u0130yile\u015ftirmesi:<\/strong>\u00a0\u00c7evresel etkileri azaltmak i\u00e7in \u00fcr\u00fcnlerimizin ve i\u015f s\u00fcre\u00e7lerimizin \u00e7evre dostu olmas\u0131n\u0131 sa\u011flamak i\u00e7in Ar-Ge \u00e7al\u0131\u015fmalar\u0131na yat\u0131r\u0131m yapaca\u011f\u0131z.<\/p><p><strong>\u00c7evresel \u0130\u015fbirli\u011fi:<\/strong>\u00a0\u00c7evresel konularda i\u015fbirli\u011fi yapacak, \u00e7evresel sorunlara duyarl\u0131l\u0131\u011f\u0131 art\u0131racak ve \u00e7evresel s\u00fcrd\u00fcr\u00fclebilirlik uygulamalar\u0131n\u0131 te\u015fvik edece\u011fiz.<\/p><p><strong>S\u00fcrd\u00fcr\u00fclebilirlik Raporlama:<\/strong>\u00a0\u00c7evresel performans\u0131m\u0131z\u0131 a\u00e7\u0131k\u00e7a belirleyecek ve payda\u015flar\u0131m\u0131z\u0131 d\u00fczenli olarak bilgilendirece\u011fiz.<\/p>\n\t\t\t\t\t<\/div>\n\t\t\t\t\t\t<\/div>\n\t\t\t\t<\/div>\n\t\t\t\t\t<\/div>\n\t\t\t\t<\/div>\n\t\t<div class=\"wd-negative-gap elementor-element elementor-element-16d113cd e-flex e-con-boxed e-con e-parent\" data-id=\"16d113cd\" data-element_type=\"container\">\n\t\t\t\t\t<div class=\"e-con-inner\">\n\t\t\t\t<div class=\"elementor-element elementor-element-33150cf6 elementor-widget elementor-widget-spacer\" data-id=\"33150cf6\" data-element_type=\"widget\" data-widget_type=\"spacer.default\">\n\t\t\t\t\t\t\t<div class=\"elementor-spacer\">\n\t\t\t<div class=\"elementor-spacer-inner\"><\/div>\n\t\t<\/div>\n\t\t\t\t\t\t<\/div>\n\t\t\t\t\t<\/div>\n\t\t\t\t<\/div>\n\t\t\t\t<section class=\"wd-negative-gap elementor-section elementor-top-section elementor-element elementor-element-46de0c18 wd-section-stretch elementor-section-boxed elementor-section-height-default elementor-section-height-default\" data-id=\"46de0c18\" data-element_type=\"section\" data-settings=\"{&quot;background_background&quot;:&quot;classic&quot;}\">\n\t\t\t\t\t\t\t<div class=\"elementor-background-overlay\"><\/div>\n\t\t\t\t\t\t\t<div class=\"elementor-container elementor-column-gap-no\">\n\t\t\t\t\t<div class=\"elementor-column elementor-col-100 elementor-top-column elementor-element elementor-element-13f243e3\" data-id=\"13f243e3\" data-element_type=\"column\">\n\t\t\t<div class=\"elementor-widget-wrap elementor-element-populated\">\n\t\t\t\t\t\t<div class=\"elementor-element elementor-element-2c20e48c wd-width-100 elementor-widget elementor-widget-wd_title\" data-id=\"2c20e48c\" data-element_type=\"widget\" data-widget_type=\"wd_title.default\">\n\t\t\t\t<div class=\"elementor-widget-container\">\n\t\t\t\t\t\t\t<div class=\"title-wrapper wd-set-mb reset-last-child wd-title-color-default wd-title-style-default wd-title-size-extra-large text-center\">\n\n\t\t\t\n\t\t\t<div class=\"liner-continer\">\n\t\t\t\t<h5 class=\"woodmart-title-container title wd-fontsize-xxxl\">Kaliteli \u00dcretim \u0130\u00e7in \u00d6nc\u00fcl \u00c7\u00f6z\u00fcmler<\/h5> \n\t\t\t\t\t\t\t<\/div>\n\n\t\t\t\t\t\t\t<div class=\"title-after_title reset-last-child wd-fontsize-s\">\n\t\t\t\t\tTasar\u0131m a\u015famas\u0131ndan imalata,imalat a\u015faams\u0131ndan kalite kontrol ve montaj asamas\u0131na ve sonras\u0131nda m\u00fc\u015fteriye teslimine kadar t\u00fcm s\u00fcreci y\u0131llara dayanan tecr\u00fcbemiz,y\u00fcksek teknolojimiz ve alan\u0131nda uzman personelimiz ile sizlere sunuyoruz\t\t\t\t<\/div>\n\t\t\t\t\t<\/div>\n\t\t\t\t\t\t<\/div>\n\t\t\t\t<\/div>\n\t\t\t\t<div class=\"elementor-element elementor-element-40ff1010 elementor-widget elementor-widget-wd_button\" data-id=\"40ff1010\" data-element_type=\"widget\" data-widget_type=\"wd_button.default\">\n\t\t\t\t<div class=\"elementor-widget-container\">\n\t\t\t\t\t\t\t<div class=\"wd-button-wrapper text-center\" >\n\t\t\t<a class=\"btn btn-style-default btn-shape-rectangle btn-size-extra-large btn-color-white btn-icon-pos-right\"  href=\"https:\/\/wa.me\/+905310146257\">\n\t\t\t\t<span class=\"wd-btn-text\" data-elementor-setting-key=\"text\">\n\t\t\t\t\t\u0130LET\u0130\u015e\u0130ME GE\u00c7\t\t\t\t<\/span>\n\n\t\t\t\t\t\t\t<\/a>\n\t\t<\/div>\n\t\t\t\t\t\t<\/div>\n\t\t\t\t<\/div>\n\t\t\t\t\t<\/div>\n\t\t<\/div>\n\t\t\t\t\t<\/div>\n\t\t<\/section>\n\t\t<div class=\"wd-negative-gap elementor-element elementor-element-f0fcd4b e-flex e-con-boxed e-con e-parent\" data-id=\"f0fcd4b\" data-element_type=\"container\">\n\t\t\t\t\t<div class=\"e-con-inner\">\n\t\t\t\t<div class=\"elementor-element elementor-element-801eb06 elementor-widget elementor-widget-spacer\" data-id=\"801eb06\" data-element_type=\"widget\" data-widget_type=\"spacer.default\">\n\t\t\t\t\t\t\t<div class=\"elementor-spacer\">\n\t\t\t<div class=\"elementor-spacer-inner\"><\/div>\n\t\t<\/div>\n\t\t\t\t\t\t<\/div>\n\t\t\t\t\t<\/div>\n\t\t\t\t<\/div>\n\t\t<div class=\"elementor-element elementor-element-2d3034b4 e-con-full wd-section-stretch e-flex e-con e-parent\" data-id=\"2d3034b4\" data-element_type=\"container\">\n\t\t\t\t<div class=\"elementor-element elementor-element-475cf899 elementor-arrows-position-inside elementor-pagination-position-outside elementor-widget elementor-widget-image-carousel\" data-id=\"475cf899\" data-element_type=\"widget\" data-settings=\"{&quot;slides_to_show&quot;:&quot;4&quot;,&quot;image_spacing_custom&quot;:{&quot;unit&quot;:&quot;px&quot;,&quot;size&quot;:45,&quot;sizes&quot;:[]},&quot;navigation&quot;:&quot;both&quot;,&quot;autoplay&quot;:&quot;yes&quot;,&quot;pause_on_hover&quot;:&quot;yes&quot;,&quot;pause_on_interaction&quot;:&quot;yes&quot;,&quot;autoplay_speed&quot;:5000,&quot;infinite&quot;:&quot;yes&quot;,&quot;speed&quot;:500,&quot;image_spacing_custom_tablet&quot;:{&quot;unit&quot;:&quot;px&quot;,&quot;size&quot;:&quot;&quot;,&quot;sizes&quot;:[]},&quot;image_spacing_custom_mobile&quot;:{&quot;unit&quot;:&quot;px&quot;,&quot;size&quot;:&quot;&quot;,&quot;sizes&quot;:[]}}\" data-widget_type=\"image-carousel.default\">\n\t\t\t\t\t\t\t<div class=\"elementor-image-carousel-wrapper swiper\" role=\"region\" aria-roledescription=\"carousel\" aria-label=\"Resim D\u00f6ng\u00fcs\u00fc\" dir=\"ltr\">\n\t\t\t<div class=\"elementor-image-carousel swiper-wrapper\" aria-live=\"off\">\n\t\t\t\t\t\t\t\t<div class=\"swiper-slide\" role=\"group\" aria-roledescription=\"slide\" aria-label=\"1 \/ 4\"><figure class=\"swiper-slide-inner\"><img decoding=\"async\" class=\"swiper-slide-image\" src=\"https:\/\/ozsivassavunma.com\/wp-content\/uploads\/2025\/07\/1-768x576.png\" alt=\"1\" \/><\/figure><\/div><div class=\"swiper-slide\" role=\"group\" aria-roledescription=\"slide\" aria-label=\"2 \/ 4\"><figure class=\"swiper-slide-inner\"><img decoding=\"async\" class=\"swiper-slide-image\" src=\"https:\/\/ozsivassavunma.com\/wp-content\/uploads\/2025\/07\/2-768x576.png\" alt=\"2\" \/><\/figure><\/div><div class=\"swiper-slide\" role=\"group\" aria-roledescription=\"slide\" aria-label=\"3 \/ 4\"><figure class=\"swiper-slide-inner\"><img decoding=\"async\" class=\"swiper-slide-image\" src=\"https:\/\/ozsivassavunma.com\/wp-content\/uploads\/2025\/07\/3-1-768x576.png\" alt=\"3\" \/><\/figure><\/div><div class=\"swiper-slide\" role=\"group\" aria-roledescription=\"slide\" aria-label=\"4 \/ 4\"><figure class=\"swiper-slide-inner\"><img decoding=\"async\" class=\"swiper-slide-image\" src=\"https:\/\/ozsivassavunma.com\/wp-content\/uploads\/2025\/07\/4-768x576.png\" alt=\"4\" \/><\/figure><\/div>\t\t\t<\/div>\n\t\t\t\t\t\t\t\t\t\t\t\t<div class=\"elementor-swiper-button elementor-swiper-button-prev\" role=\"button\" tabindex=\"0\">\n\t\t\t\t\t\t<svg aria-hidden=\"true\" class=\"e-font-icon-svg e-eicon-chevron-left\" viewBox=\"0 0 1000 1000\" xmlns=\"http:\/\/www.w3.org\/2000\/svg\"><path d=\"M646 125C629 125 613 133 604 142L308 442C296 454 292 471 292 487 292 504 296 521 308 533L604 854C617 867 629 875 646 875 663 875 679 871 692 858 704 846 713 829 713 812 713 796 708 779 692 767L438 487 692 225C700 217 708 204 708 187 708 171 704 154 692 142 675 129 663 125 646 125Z\"><\/path><\/svg>\t\t\t\t\t<\/div>\n\t\t\t\t\t<div class=\"elementor-swiper-button elementor-swiper-button-next\" role=\"button\" tabindex=\"0\">\n\t\t\t\t\t\t<svg aria-hidden=\"true\" class=\"e-font-icon-svg e-eicon-chevron-right\" viewBox=\"0 0 1000 1000\" xmlns=\"http:\/\/www.w3.org\/2000\/svg\"><path d=\"M696 533C708 521 713 504 713 487 713 471 708 454 696 446L400 146C388 133 375 125 354 125 338 125 325 129 313 142 300 154 292 171 292 187 292 204 296 221 308 233L563 492 304 771C292 783 288 800 288 817 288 833 296 850 308 863 321 871 338 875 354 875 371 875 388 867 400 854L696 533Z\"><\/path><\/svg>\t\t\t\t\t<\/div>\n\t\t\t\t\n\t\t\t\t\t\t\t\t\t<div class=\"swiper-pagination\"><\/div>\n\t\t\t\t\t\t\t\t\t<\/div>\n\t\t\t\t\t\t<\/div>\n\t\t\t\t<\/div>\n\t\t\t\t<\/div>\n\t\t","protected":false},"excerpt":{"rendered":"<p>\u00c7evre Politikam\u0131z \u00d6zsivas Savunma, \u00e7evresel s\u00fcrd\u00fcr\u00fclebilirlik ve sorumluluk ilkelerini benimseyen bir savunma firmas\u0131d\u0131r. Do\u011fal kaynaklar\u0131n korunmas\u0131, \u00e7evresel etkilerin en aza<\/p>\n","protected":false},"author":1,"featured_media":0,"parent":0,"menu_order":0,"comment_status":"closed","ping_status":"closed","template":"","meta":{"footnotes":""},"class_list":["post-29261","page","type-page","status-publish","hentry"],"_links":{"self":[{"href":"https:\/\/ozsivassavunma.com\/index.php?rest_route=\/wp\/v2\/pages\/29261","targetHints":{"allow":["GET"]}}],"collection":[{"href":"https:\/\/ozsivassavunma.com\/index.php?rest_route=\/wp\/v2\/pages"}],"about":[{"href":"https:\/\/ozsivassavunma.com\/index.php?rest_route=\/wp\/v2\/types\/page"}],"author":[{"embeddable":true,"href":"https:\/\/ozsivassavunma.com\/index.php?rest_route=\/wp\/v2\/users\/1"}],"replies":[{"embeddable":true,"href":"https:\/\/ozsivassavunma.com\/index.php?rest_route=%2Fwp%2Fv2%2Fcomments&post=29261"}],"version-history":[{"count":5,"href":"https:\/\/ozsivassavunma.com\/index.php?rest_route=\/wp\/v2\/pages\/29261\/revisions"}],"predecessor-version":[{"id":29268,"href":"https:\/\/ozsivassavunma.com\/index.php?rest_route=\/wp\/v2\/pages\/29261\/revisions\/29268"}],"wp:attachment":[{"href":"https:\/\/ozsivassavunma.com\/index.php?rest_route=%2Fwp%2Fv2%2Fmedia&parent=29261"}],"curies":[{"name":"wp","href":"https:\/\/api.w.org\/{rel}","templated":true}]}}